{"id":15436,"date":"2024-01-18T21:16:45","date_gmt":"2024-01-18T21:16:45","guid":{"rendered":"https:\/\/ciie.itesm.mx\/es\/?page_id=15436"},"modified":"2024-01-18T21:47:07","modified_gmt":"2024-01-18T21:47:07","slug":"ife-edtech-summit-4-2-2-2","status":"publish","type":"page","link":"https:\/\/ciie.itesm.mx\/en\/novus\/","title":{"rendered":"Novus"},"content":{"rendered":"<div class=\"wpb-content-wrapper\"><p>[vc_row full_width=&#8221;stretch_row_content_no_spaces&#8221; container=&#8221;0&#8243;][vc_column][vc_empty_space height=&#8221;64px&#8221;][vc_single_image image=&#8221;15438&#8243; img_size=&#8221;full&#8221;][\/vc_column][\/vc_row][vc_row][vc_column][vc_column_text css=&#8221;.vc_custom_1705612909148{margin-right: 30px !important;margin-left: 30px !important;}&#8221;]Novus es una iniciativa del Instituto para el Futuro de la Educaci\u00f3n que busca fortalecer la cultura de innovaci\u00f3n educativa, basada en evidencia, en los profesores del Tecnol\u00f3gico de Monterrey.<\/p>\n<p>Para ello proveemos fondos para la implementaci\u00f3n de innovaciones educativas y su medici\u00f3n del impacto; con el objetivo de divulgar, transferir y escalar proyectos Novus que hayan demostrado \u00e9xito, as\u00ed como su internacionalizaci\u00f3n a trav\u00e9s de publicaciones arbitradas, congresos y competencias internacionales.<\/p>\n<p>Nuestro prop\u00f3sito es fomentar la experimentaci\u00f3n y la investigaci\u00f3n en innovaci\u00f3n educativa como medio para el desarrollo profesional de la facultad, la mejora continua de su pr\u00e1ctica docente y la construcci\u00f3n del futuro de la educaci\u00f3n.[\/vc_column_text][\/vc_column][\/vc_row][vc_row css=&#8221;.vc_custom_1705612992629{margin-top: 50px !important;}&#8221;][vc_column]<div class=\"schedule-wrapper clear \" data-animation=\"fadeIn\" data-animation-delay=\"200\"><div class=\"schedule-tabs lv1\">\r\n                        <ul id=\"tabs-lv1\"  class=\"nav nav-justified\"><li class=\"active\"><a href=\"#tab-dia-1-novus\" data-toggle=\"tab\"><strong>Day 1<\/strong> <br\/>23.01.24<\/a><\/li><li ><a href=\"#tab-dia-3-novus\" data-toggle=\"tab\"><strong>Day 3<\/strong> <br\/>25.01.24<\/a><\/li><\/ul><\/div><div class=\"tab-content lv1\"><div id=\"tab-dia-1-novus\" class=\"tab-pane fade in active\"><div class=\"schedule-tabs lv2\">\r\n                                  <ul id=\"tabs-lv20\"  class=\"nav nav-justified\"><li class=\"active\"><a href=\"#tab-lv2-programa-1-novus\" data-toggle=\"tab\">Program<\/a><\/li><\/ul><\/div><div class=\"tab-content lv2\"><div id=\"tab-lv2-programa-1-novus\" class=\"tab-pane fade in active\">\r\n                                    <div class=\"timeline\">\r\n                                              <article class=\"post-wrap\" data-animation=\"fadeInUp\" data-animation-delay=\"300\">\r\n                                                  <div class=\"media\"><div class=\"media-body\">\r\n                                                          <div class=\"post-header\">\r\n                                                              <div class=\"post-meta\"><span class=\"post-date\"><i class=\"fa fa-clock-o\"><\/i> 16:00 - 19:00h UTC-06<\/span><\/div>\r\n                                                              <h2 class=\"post-title\"><a href=\"https:\/\/ciie.itesm.mx\/en\/schedule\/taller-novus-analisis-creativo-de-datos-en-educacion\/\">Taller Novus: An\u00e1lisis Creativo de Datos en Educaci\u00f3n<\/a><\/h2>\r\n                                                          <\/div>\r\n                                                            <div class=\"post-body\">\r\n                                                                <div class=\"post-excerpt\">\r\n                                                                    <p><strong>Dr. Carlos Felipe Rodr\u00edguez Hern\u00e1ndez<\/strong><\/p>\r\n<p>Impact Measurement Research Scientist<\/p>\r\n<p><strong>Location:<\/strong> Sala 1 de Congresos<\/p>\r\n<p><strong>Evento por invitaci\u00f3n, Cupo limitado a 50 profesores Novus<\/strong><\/p>\r\n                                                                <\/div>\r\n                                                            <\/div>\r\n                                                          <div class=\"post-footer\">\r\n                                                              <span class=\"post-readmore\"><i class=\"fa fa-microphone\"><\/i> <strong><\/strong> \/ &nbsp;&nbsp;<\/span>\r\n                                                          <\/div>\r\n                                                      <\/div>                                                      \r\n                                                  <\/div>\r\n                                              <\/article><\/div><\/div><\/div><\/div><div id=\"tab-dia-3-novus\" class=\"tab-pane fade \"><div class=\"schedule-tabs lv2\">\r\n                                  <ul id=\"tabs-lv21\"  class=\"nav nav-justified\"><li class=\"active\"><a href=\"#tab-lv2-programa-3-novus\" data-toggle=\"tab\">Program<\/a><\/li><\/ul><\/div><div class=\"tab-content lv2\"><div id=\"tab-lv2-programa-3-novus\" class=\"tab-pane fade in active\">\r\n                                    <div class=\"timeline\">\r\n                                              <article class=\"post-wrap\" data-animation=\"fadeInUp\" data-animation-delay=\"300\">\r\n                                                  <div class=\"media\"><div class=\"media-body\">\r\n                                                          <div class=\"post-header\">\r\n                                                              <div class=\"post-meta\"><span class=\"post-date\"><i class=\"fa fa-clock-o\"><\/i> 17:30 - 18:15h UTC-06<\/span><\/div>\r\n                                                              <h2 class=\"post-title\"><a href=\"https:\/\/ciie.itesm.mx\/en\/schedule\/reconocimiento-a-la-innovacion-destacada-novus\/\">Reconocimiento a la Innovaci\u00f3n Destacada Novus<\/a><\/h2>\r\n                                                          <\/div>\r\n                                                            <div class=\"post-body\">\r\n                                                                <div class=\"post-excerpt\">\r\n                                                                    <p><strong>Juan Pablo Murra<\/strong><\/p>\r\n<p>Rector de la Facultad<\/p>\r\n<p><strong>Luis Enrique Portales Derbez<\/strong><\/p>\r\n<p>L\u00edder de Experimentaci\u00f3n y Medici\u00f3n de Impacto<\/p>\r\n<p><strong>Equipo Novus<\/strong><\/p>\r\n<p><strong>Location:<\/strong> Sala Mayor<\/p>\r\n                                                                <\/div>\r\n                                                            <\/div>\r\n                                                          <div class=\"post-footer\">\r\n                                                              <span class=\"post-readmore\"><i class=\"fa fa-microphone\"><\/i> <strong><\/strong> \/ &nbsp;&nbsp;<\/span>\r\n                                                          <\/div>\r\n                                                      <\/div>                                                      \r\n                                                  <\/div>\r\n                                              <\/article><\/div><\/div><\/div><\/div><\/div><\/div>[\/vc_column][\/vc_row][vc_row css=&#8221;.vc_custom_1705612999320{margin-top: 50px !important;}&#8221;][vc_column][vc_empty_space height=&#8221;22px&#8221;][\/vc_column][\/vc_row][vc_row css=&#8221;.vc_custom_1693602302825{margin-bottom: -50px !important;background-color: #000000 !important;}&#8221;][vc_column][vc_row_inner css=&#8221;.vc_custom_1693602308731{margin-top: 40px !important;}&#8221;][vc_column_inner width=&#8221;1\/3&#8243;][vc_single_image image=&#8221;15108&#8243; img_size=&#8221;&#8221; alignment=&#8221;center&#8221;][\/vc_column_inner][vc_column_inner width=&#8221;1\/3&#8243;][vc_single_image image=&#8221;12482&#8243; img_size=&#8221;180&#215;54&#8243; alignment=&#8221;center&#8221;][\/vc_column_inner][vc_column_inner width=&#8221;1\/3&#8243;][vc_single_image image=&#8221;12481&#8243; img_size=&#8221;200&#215;51&#8243; alignment=&#8221;center&#8221;][\/vc_column_inner][\/vc_row_inner][\/vc_column][\/vc_row]<\/p>\n<\/div>","protected":false},"excerpt":{"rendered":"<p>[vc_row full_width=&#8221;stretch_row_content_no_spaces&#8221; container=&#8221;0&#8243;][vc_column][vc_empty_space height=&#8221;64px&#8221;][vc_single_image image=&#8221;15438&#8243; img_size=&#8221;full&#8221;][\/vc_column][\/vc_row][vc_row][vc_column][vc_column_text css=&#8221;.vc_custom_1705612909148{margin-right: 30px !important;margin-left: 30px !important;}&#8221;]Novus es una iniciativa del Instituto para el Futuro de la Educaci\u00f3n que busca fortalecer la cultura de innovaci\u00f3n educativa, basada en evidencia, en los profesores del Tecnol\u00f3gico de Monterrey. Para ello<\/p>\n","protected":false},"author":1,"featured_media":0,"parent":0,"menu_order":0,"comment_status":"closed","ping_status":"closed","template":"home_template.php","meta":{"footnotes":""},"class_list":["post-15436","page","type-page","status-publish","hentry"],"yoast_head":"<!-- This site is optimized with the Yoast SEO plugin v27.4 - https:\/\/yoast.com\/product\/yoast-seo-wordpress\/ -->\n<title>Novus - IFE Conference<\/title>\n<meta name=\"description\" content=\"IFE Conference, antes CIIE, del 28 al 30 de enero de 2025 en el Tecnol\u00f3gico de Monterrey, en Monterrey, M\u00e9xico\" \/>\n<meta name=\"robots\" content=\"index, follow, max-snippet:-1, max-image-preview:large, max-video-preview:-1\" \/>\n<link rel=\"canonical\" href=\"https:\/\/ciie.itesm.mx\/es\/novus\/\" \/>\n<meta property=\"og:locale\" content=\"en_US\" \/>\n<meta property=\"og:type\" content=\"article\" \/>\n<meta property=\"og:title\" content=\"Novus - IFE Conference\" \/>\n<meta property=\"og:description\" content=\"IFE Conference, antes CIIE, del 28 al 30 de enero de 2025 en el Tecnol\u00f3gico de Monterrey, en Monterrey, M\u00e9xico\" \/>\n<meta property=\"og:url\" content=\"https:\/\/ciie.itesm.mx\/es\/novus\/\" \/>\n<meta property=\"og:site_name\" content=\"IFE Conference\" \/>\n<meta property=\"article:modified_time\" content=\"2024-01-18T21:47:07+00:00\" \/>\n<meta property=\"og:image\" content=\"https:\/\/ciie.itesm.mx\/wp-content\/uploads\/2023\/05\/ife-conference-social.png\" \/>\n\t<meta property=\"og:image:width\" content=\"480\" \/>\n\t<meta property=\"og:image:height\" content=\"480\" \/>\n\t<meta property=\"og:image:type\" content=\"image\/png\" \/>\n<meta name=\"twitter:card\" content=\"summary_large_image\" \/>\n<meta name=\"twitter:label1\" content=\"Est. reading time\" \/>\n\t<meta name=\"twitter:data1\" content=\"1 minute\" \/>\n<script type=\"application\/ld+json\" class=\"yoast-schema-graph\">{\"@context\":\"https:\\\/\\\/schema.org\",\"@graph\":[{\"@type\":\"WebPage\",\"@id\":\"https:\\\/\\\/ciie.itesm.mx\\\/es\\\/novus\\\/\",\"url\":\"https:\\\/\\\/ciie.itesm.mx\\\/es\\\/novus\\\/\",\"name\":\"Novus - IFE Conference\",\"isPartOf\":{\"@id\":\"https:\\\/\\\/ciie.itesm.mx\\\/en\\\/#website\"},\"datePublished\":\"2024-01-18T21:16:45+00:00\",\"dateModified\":\"2024-01-18T21:47:07+00:00\",\"description\":\"IFE Conference, antes CIIE, del 28 al 30 de enero de 2025 en el Tecnol\u00f3gico de Monterrey, en Monterrey, M\u00e9xico\",\"breadcrumb\":{\"@id\":\"https:\\\/\\\/ciie.itesm.mx\\\/es\\\/novus\\\/#breadcrumb\"},\"inLanguage\":\"en-US\",\"potentialAction\":[{\"@type\":\"ReadAction\",\"target\":[\"https:\\\/\\\/ciie.itesm.mx\\\/es\\\/novus\\\/\"]}]},{\"@type\":\"BreadcrumbList\",\"@id\":\"https:\\\/\\\/ciie.itesm.mx\\\/es\\\/novus\\\/#breadcrumb\",\"itemListElement\":[{\"@type\":\"ListItem\",\"position\":1,\"name\":\"Portada\",\"item\":\"https:\\\/\\\/ciie.itesm.mx\\\/es\\\/\"},{\"@type\":\"ListItem\",\"position\":2,\"name\":\"Novus\"}]},{\"@type\":\"WebSite\",\"@id\":\"https:\\\/\\\/ciie.itesm.mx\\\/en\\\/#website\",\"url\":\"https:\\\/\\\/ciie.itesm.mx\\\/en\\\/\",\"name\":\"IFE Conference\",\"description\":\"IFE Conference, antes CIIE, del 28 al 30 de enero de 2025 en el Tecnol\u00f3gico de Monterrey, en Monterrey, M\u00e9xico\",\"potentialAction\":[{\"@type\":\"SearchAction\",\"target\":{\"@type\":\"EntryPoint\",\"urlTemplate\":\"https:\\\/\\\/ciie.itesm.mx\\\/en\\\/?s={search_term_string}\"},\"query-input\":{\"@type\":\"PropertyValueSpecification\",\"valueRequired\":true,\"valueName\":\"search_term_string\"}}],\"inLanguage\":\"en-US\"}]}<\/script>\n<!-- \/ Yoast SEO plugin. -->","yoast_head_json":{"title":"Novus - IFE Conference","description":"IFE Conference, antes CIIE, del 28 al 30 de enero de 2025 en el Tecnol\u00f3gico de Monterrey, en Monterrey, M\u00e9xico","robots":{"index":"index","follow":"follow","max-snippet":"max-snippet:-1","max-image-preview":"max-image-preview:large","max-video-preview":"max-video-preview:-1"},"canonical":"https:\/\/ciie.itesm.mx\/es\/novus\/","og_locale":"en_US","og_type":"article","og_title":"Novus - IFE Conference","og_description":"IFE Conference, antes CIIE, del 28 al 30 de enero de 2025 en el Tecnol\u00f3gico de Monterrey, en Monterrey, M\u00e9xico","og_url":"https:\/\/ciie.itesm.mx\/es\/novus\/","og_site_name":"IFE Conference","article_modified_time":"2024-01-18T21:47:07+00:00","og_image":[{"width":480,"height":480,"url":"https:\/\/ciie.itesm.mx\/wp-content\/uploads\/2023\/05\/ife-conference-social.png","type":"image\/png"}],"twitter_card":"summary_large_image","twitter_misc":{"Est. reading time":"1 minute"},"schema":{"@context":"https:\/\/schema.org","@graph":[{"@type":"WebPage","@id":"https:\/\/ciie.itesm.mx\/es\/novus\/","url":"https:\/\/ciie.itesm.mx\/es\/novus\/","name":"Novus - IFE Conference","isPartOf":{"@id":"https:\/\/ciie.itesm.mx\/en\/#website"},"datePublished":"2024-01-18T21:16:45+00:00","dateModified":"2024-01-18T21:47:07+00:00","description":"IFE Conference, antes CIIE, del 28 al 30 de enero de 2025 en el Tecnol\u00f3gico de Monterrey, en Monterrey, M\u00e9xico","breadcrumb":{"@id":"https:\/\/ciie.itesm.mx\/es\/novus\/#breadcrumb"},"inLanguage":"en-US","potentialAction":[{"@type":"ReadAction","target":["https:\/\/ciie.itesm.mx\/es\/novus\/"]}]},{"@type":"BreadcrumbList","@id":"https:\/\/ciie.itesm.mx\/es\/novus\/#breadcrumb","itemListElement":[{"@type":"ListItem","position":1,"name":"Portada","item":"https:\/\/ciie.itesm.mx\/es\/"},{"@type":"ListItem","position":2,"name":"Novus"}]},{"@type":"WebSite","@id":"https:\/\/ciie.itesm.mx\/en\/#website","url":"https:\/\/ciie.itesm.mx\/en\/","name":"IFE Conference","description":"IFE Conference, antes CIIE, del 28 al 30 de enero de 2025 en el Tecnol\u00f3gico de Monterrey, en Monterrey, M\u00e9xico","potentialAction":[{"@type":"SearchAction","target":{"@type":"EntryPoint","urlTemplate":"https:\/\/ciie.itesm.mx\/en\/?s={search_term_string}"},"query-input":{"@type":"PropertyValueSpecification","valueRequired":true,"valueName":"search_term_string"}}],"inLanguage":"en-US"}]}},"_links":{"self":[{"href":"https:\/\/ciie.itesm.mx\/en\/wp-json\/wp\/v2\/pages\/15436","targetHints":{"allow":["GET"]}}],"collection":[{"href":"https:\/\/ciie.itesm.mx\/en\/wp-json\/wp\/v2\/pages"}],"about":[{"href":"https:\/\/ciie.itesm.mx\/en\/wp-json\/wp\/v2\/types\/page"}],"author":[{"embeddable":true,"href":"https:\/\/ciie.itesm.mx\/en\/wp-json\/wp\/v2\/users\/1"}],"replies":[{"embeddable":true,"href":"https:\/\/ciie.itesm.mx\/en\/wp-json\/wp\/v2\/comments?post=15436"}],"version-history":[{"count":7,"href":"https:\/\/ciie.itesm.mx\/en\/wp-json\/wp\/v2\/pages\/15436\/revisions"}],"predecessor-version":[{"id":15446,"href":"https:\/\/ciie.itesm.mx\/en\/wp-json\/wp\/v2\/pages\/15436\/revisions\/15446"}],"wp:attachment":[{"href":"https:\/\/ciie.itesm.mx\/en\/wp-json\/wp\/v2\/media?parent=15436"}],"curies":[{"name":"wp","href":"https:\/\/api.w.org\/{rel}","templated":true}]}}