{"id":15891,"date":"2024-03-12T16:25:18","date_gmt":"2024-03-12T16:25:18","guid":{"rendered":"https:\/\/ciie.itesm.mx\/es\/?page_id=15891"},"modified":"2024-07-02T17:48:02","modified_gmt":"2024-07-02T17:48:02","slug":"precios-3-2-2-4-2-5","status":"publish","type":"page","link":"https:\/\/ciie.itesm.mx\/en\/comites\/","title":{"rendered":"Committees"},"content":{"rendered":"<div class=\"wpb-content-wrapper\"><p>[vc_row full_width=&#8221;stretch_row_content_no_spaces&#8221; container=&#8221;0&#8243;][vc_column][vc_empty_space height=&#8221;90px&#8221;][vc_single_image image=&#8221;15897&#8243; img_size=&#8221;full&#8221;][vc_row_inner css=&#8221;.vc_custom_1683225050211{margin-top: -40px !important;background-color: #4643c9 !important;}&#8221;][vc_column_inner][vc_empty_space][\/vc_column_inner][\/vc_row_inner][vc_row_inner css=&#8221;.vc_custom_1710264839932{margin-top: 0px !important;padding-top: 0px !important;}&#8221;][vc_column_inner css=&#8221;.vc_custom_1710264847598{margin-top: 0px !important;padding-top: 0px !important;}&#8221;][vc_column_text css=&#8221;.vc_custom_1710273790861{margin-top: 30px !important;margin-bottom: 30px !important;}&#8221;]<\/p>\n<p class=\"ife-font\" style=\"text-align: center; font-size: 40px; font-weight: 400; color: #4643c9; font-family: reckless-regular;\">IFE Conference Executives<\/p>\n<p>[\/vc_column_text][\/vc_column_inner][\/vc_row_inner][\/vc_column][\/vc_row][vc_row full_width=&#8221;stretch_row_content&#8221; gap=&#8221;30&#8243; content_placement=&#8221;bottom&#8221; css=&#8221;.vc_custom_1710268354712{background-color: #e3e9ff !important;}&#8221;][vc_column][vc_row_inner gap=&#8221;35&#8243; css=&#8221;.vc_custom_1710268635928{margin-top: 70px !important;margin-bottom: 70px !important;}&#8221;][vc_column_inner width=&#8221;1\/4&#8243;][\/vc_column_inner][vc_column_inner width=&#8221;1\/4&#8243; css=&#8221;.vc_custom_1710269755980{padding-right: 5px !important;padding-left: 5px !important;}&#8221;][vc_single_image image=&#8221;15930&#8243; img_size=&#8221;200&#215;200&#8243; alignment=&#8221;center&#8221;][vc_column_text]<\/p>\n<p class=\"founders\" style=\"color: #4643c9; text-align: center; font-size: 20px;\"><strong>Michael J.L. Fung<\/strong><\/p>\n<p style=\"text-align: center; font-size: 16px;\">IFE Conference Chair Executive Director of the Institute for the Future of Education Tecnol\u00f3gico de Monterrey<\/p>\n<p>[\/vc_column_text][\/vc_column_inner][vc_column_inner width=&#8221;1\/4&#8243;][vc_single_image image=&#8221;15931&#8243; img_size=&#8221;200&#215;200&#8243; alignment=&#8221;center&#8221;][vc_column_text]<\/p>\n<p class=\"founders\" style=\"color: #4643c9; text-align: center; font-size: 20px;\"><strong>Jos\u00e9 Escamilla<\/strong><\/p>\n<p style=\"text-align: center; font-size: 16px;\">IFE Conference Director Associate Director of the Institute for the Future of Education Tecnol\u00f3gico de Monterrey<\/p>\n<p>[\/vc_column_text][\/vc_column_inner][vc_column_inner width=&#8221;1\/4&#8243;][\/vc_column_inner][\/vc_row_inner][\/vc_column][\/vc_row][vc_row full_width=&#8221;stretch_row_content&#8221; content_placement=&#8221;bottom&#8221;][vc_column][vc_column_text css=&#8221;.vc_custom_1710273858594{margin-top: 30px !important;margin-bottom: 30px !important;}&#8221;]<\/p>\n<p class=\"ife-font\" style=\"text-align: center; font-size: 40px; font-weight: 400; color: #4643c9; font-family: reckless-regular;\">Organizing Committee<\/p>\n<p>[\/vc_column_text][\/vc_column][\/vc_row][vc_row full_width=&#8221;stretch_row_content&#8221; content_placement=&#8221;bottom&#8221; css=&#8221;.vc_custom_1710260840692{background-color: #e3e9ff !important;}&#8221;][vc_column][vc_row_inner css=&#8221;.vc_custom_1683318649277{margin-top: 70px !important;margin-bottom: 70px !important;}&#8221;][vc_column_inner width=&#8221;1\/4&#8243;][vc_single_image image=&#8221;15944&#8243; img_size=&#8221;200&#215;200&#8243; alignment=&#8221;center&#8221;][vc_column_text]<\/p>\n<p class=\"founders\" style=\"color: #4643c9; text-align: center; font-size: 20px;\"><strong>Ver\u00f3nica S\u00e1nchez<\/strong><\/p>\n<p style=\"text-align: center; font-size: 16px;\">IFE Conference General Coordinator and Innovation Promotion Leader Institute for the Future of Education Tecnol\u00f3gico de Monterrey<\/p>\n<p>[\/vc_column_text][\/vc_column_inner][vc_column_inner width=&#8221;1\/4&#8243;][vc_single_image image=&#8221;15942&#8243; img_size=&#8221;200&#215;200&#8243; alignment=&#8221;center&#8221;][vc_column_text]<\/p>\n<p class=\"founders\" style=\"color: #4643c9; text-align: center; font-size: 20px;\"><strong>Karina S\u00e1nchez<\/strong><\/p>\n<p style=\"text-align: center; font-size: 16px;\">IFE Conference Content Coordinator Institute for the Future of Education Tecnol\u00f3gico de Monterrey<\/p>\n<p>[\/vc_column_text][\/vc_column_inner][vc_column_inner width=&#8221;1\/4&#8243;][vc_single_image image=&#8221;15940&#8243; img_size=&#8221;200&#215;200&#8243; alignment=&#8221;center&#8221;][vc_column_text]<\/p>\n<p class=\"founders\" style=\"color: #4643c9; text-align: center; font-size: 20px;\"><strong>Graciela Palacios<\/strong><\/p>\n<p style=\"text-align: center; font-size: 16px;\">IFE Conference Audiovisual Production Coordinator Institute for the Future of Education Tecnol\u00f3gico de Monterrey<\/p>\n<p>[\/vc_column_text][\/vc_column_inner][vc_column_inner width=&#8221;1\/4&#8243;][vc_single_image image=&#8221;15941&#8243; img_size=&#8221;200&#215;200&#8243; alignment=&#8221;center&#8221;][vc_column_text]<\/p>\n<p class=\"founders\" style=\"color: #4643c9; text-align: center; font-size: 20px;\"><strong>Javier Halley<\/strong><\/p>\n<p style=\"text-align: center; font-size: 16px;\">IFE Conference Promotion and Design Coordinator Institute for the Future of Education Tecnol\u00f3gico de Monterrey<\/p>\n<p>[\/vc_column_text][\/vc_column_inner][\/vc_row_inner][\/vc_column][\/vc_row][vc_row full_width=&#8221;stretch_row_content&#8221; content_placement=&#8221;bottom&#8221;][vc_column][vc_column_text css=&#8221;.vc_custom_1710273986710{margin-top: 30px !important;margin-bottom: 30px !important;}&#8221;]<\/p>\n<p class=\"ife-font\" style=\"text-align: center; font-size: 40px; font-weight: 400; color: #4643c9; font-family: reckless-regular;\">Scientific Committee<\/p>\n<p>[\/vc_column_text][\/vc_column][\/vc_row][vc_row full_width=&#8221;stretch_row_content&#8221; content_placement=&#8221;bottom&#8221; css=&#8221;.vc_custom_1710260840692{background-color: #e3e9ff !important;}&#8221;][vc_column][vc_row_inner gap=&#8221;35&#8243; css=&#8221;.vc_custom_1713278558413{margin-top: 70px !important;margin-bottom: 20px !important;}&#8221;][vc_column_inner width=&#8221;1\/4&#8243;][\/vc_column_inner][vc_column_inner width=&#8221;1\/4&#8243; css=&#8221;.vc_custom_1710271971278{padding-right: 5px !important;padding-left: 5px !important;}&#8221;][vc_single_image image=&#8221;16371&#8243; img_size=&#8221;200&#215;200&#8243; alignment=&#8221;center&#8221;][vc_column_text]<\/p>\n<p class=\"founders\" style=\"color: #4643c9; text-align: center; font-size: 20px;\"><strong>Prof. Te\u00f3filo Ramos<\/strong><\/p>\n<p style=\"text-align: center; font-size: 16px;\">Honorary Advisor to<br \/>\nEditorial Team<br \/>\nEmeritus Professor of Tecnol\u00f3gico de Monterrey<br \/>\nPresident of Board the Directors and Board of Delegates of<br \/>\nCACEI (Mexican Accreditation Board of Engineering Programs)<br \/>\nChair of IEEE Regi\u00f3n 9 Nominations Committee<br \/>\nIEEE Life Fellow<br \/>\nMexico<\/p>\n<p>[\/vc_column_text][\/vc_column_inner][vc_column_inner width=&#8221;1\/4&#8243; css=&#8221;.vc_custom_1710271978460{padding-right: 5px !important;padding-left: 5px !important;}&#8221;][vc_single_image image=&#8221;16370&#8243; img_size=&#8221;200&#215;200&#8243; alignment=&#8221;center&#8221;][vc_column_text]<\/p>\n<p class=\"founders\" style=\"color: #4643c9; text-align: center; font-size: 20px;\"><strong>Prof. Edmundo Tovar<\/strong><\/p>\n<p style=\"text-align: center; font-size: 16px;\">Honorary Advisor to<br \/>\nEditorial Team<br \/>\nAssociate Professor, Director&#8217;s Delegate for Professionalism<br \/>\nEscuela T\u00e9cnica Superior de Ingenieros Inform\u00e1ticos, Universidad Polit\u00e9cnica de Madrid<br \/>\n2023-2024 IEEE Education Society, Jr. Past President<br \/>\n2024 IEEE Technical Activities Board \/PSPB Products and Services Committee<br \/>\nSpain<\/p>\n<p>[\/vc_column_text][\/vc_column_inner][vc_column_inner width=&#8221;1\/4&#8243;][\/vc_column_inner][\/vc_row_inner][vc_row_inner gap=&#8221;35&#8243; css=&#8221;.vc_custom_1713278558413{margin-top: 70px !important;margin-bottom: 20px !important;}&#8221;][vc_column_inner width=&#8221;1\/4&#8243;][\/vc_column_inner][vc_column_inner width=&#8221;1\/4&#8243; css=&#8221;.vc_custom_1710271971278{padding-right: 5px !important;padding-left: 5px !important;}&#8221;][vc_single_image image=&#8221;15953&#8243; img_size=&#8221;200&#215;200&#8243; alignment=&#8221;center&#8221;][vc_column_text]<\/p>\n<p class=\"founders\" style=\"color: #4643c9; text-align: center; font-size: 20px;\"><strong>Prof. Samira Hosseini<\/strong><\/p>\n<p style=\"text-align: center; font-size: 16px;\">Chair of Publication Tecnol\u00f3gico de Monterrey<br \/>\nMexico<\/p>\n<p>[\/vc_column_text][\/vc_column_inner][vc_column_inner width=&#8221;1\/4&#8243; css=&#8221;.vc_custom_1710271978460{padding-right: 5px !important;padding-left: 5px !important;}&#8221;][vc_single_image image=&#8221;16396&#8243; img_size=&#8221;200&#215;200&#8243; alignment=&#8221;center&#8221;][vc_column_text]<\/p>\n<p class=\"founders\" style=\"color: #4643c9; text-align: center; font-size: 20px;\"><strong>Dr. Nora Marisa<br \/>\nLe\u00f3n-Real M\u00e9ndez<\/strong><\/p>\n<p style=\"text-align: center; font-size: 16px;\">Co-Chair of Publication Tecnol\u00f3gico de Monterrey<br \/>\nMexico<\/p>\n<p>[\/vc_column_text][\/vc_column_inner][vc_column_inner width=&#8221;1\/4&#8243;][\/vc_column_inner][\/vc_row_inner][vc_row_inner gap=&#8221;35&#8243; css=&#8221;.vc_custom_1713278569199{margin-top: 20px !important;margin-bottom: 20px !important;}&#8221;][vc_column_inner width=&#8221;1\/4&#8243; css=&#8221;.vc_custom_1710273173608{padding-right: 5px !important;padding-left: 5px !important;}&#8221;][vc_single_image image=&#8221;15956&#8243; img_size=&#8221;200&#215;200&#8243; alignment=&#8221;center&#8221;][vc_column_text]<\/p>\n<p class=\"founders\" style=\"color: #4643c9; text-align: center; font-size: 20px;\"><strong>Prof. Asad Abbas<\/strong><\/p>\n<p style=\"text-align: center; font-size: 16px;\">Editorial Committee<br \/>\nTecnol\u00f3gico de Monterrey<br \/>\nMexico<\/p>\n<p>[\/vc_column_text][\/vc_column_inner][vc_column_inner width=&#8221;1\/4&#8243; css=&#8221;.vc_custom_1710273181242{padding-right: 5px !important;padding-left: 5px !important;}&#8221;][vc_single_image image=&#8221;15959&#8243; img_size=&#8221;200&#215;200&#8243; alignment=&#8221;center&#8221;][vc_column_text]<\/p>\n<p class=\"founders\" style=\"color: #4643c9; text-align: center; font-size: 20px;\"><strong>Prof. Kingsley Okoye<\/strong><\/p>\n<p style=\"text-align: center; font-size: 16px;\">Editorial Committee<br \/>\nTecnol\u00f3gico de Monterrey<br \/>\nMexico<\/p>\n<p>[\/vc_column_text][\/vc_column_inner][vc_column_inner width=&#8221;1\/4&#8243; css=&#8221;.vc_custom_1710273188808{padding-right: 5px !important;padding-left: 5px !important;}&#8221;][vc_single_image image=&#8221;16314&#8243; img_size=&#8221;200&#215;200&#8243; alignment=&#8221;center&#8221;][vc_column_text]<\/p>\n<p class=\"founders\" style=\"color: #4643c9; text-align: center; font-size: 20px;\"><strong>Dr. Catalina Olivas<\/strong><\/p>\n<p style=\"text-align: center; font-size: 16px;\">Editorial Committee<br \/>\nTecnol\u00f3gico de Monterrey<br \/>\nMexico<\/p>\n<p>[\/vc_column_text][\/vc_column_inner][vc_column_inner width=&#8221;1\/4&#8243; css=&#8221;.vc_custom_1710273196491{padding-right: 5px !important;padding-left: 5px !important;}&#8221;][vc_single_image image=&#8221;15960&#8243; img_size=&#8221;200&#215;200&#8243; alignment=&#8221;center&#8221;][vc_column_text]<\/p>\n<p class=\"founders\" style=\"color: #4643c9; text-align: center; font-size: 20px;\"><strong>Dr. Iv\u00e1n Acebo Choy<\/strong><\/p>\n<p style=\"text-align: center; font-size: 16px;\">Editorial Committee<br \/>\nTecnol\u00f3gico de Monterrey<br \/>\nMexico<\/p>\n<p>[\/vc_column_text][\/vc_column_inner][\/vc_row_inner][vc_row_inner gap=&#8221;35&#8243; css=&#8221;.vc_custom_1713278974684{margin-top: 20px !important;margin-bottom: 70px !important;}&#8221;][vc_column_inner width=&#8221;1\/4&#8243; css=&#8221;.vc_custom_1710273173608{padding-right: 5px !important;padding-left: 5px !important;}&#8221;][vc_single_image image=&#8221;16072&#8243; img_size=&#8221;200&#215;200&#8243; alignment=&#8221;center&#8221;][vc_column_text]<\/p>\n<p class=\"founders\" style=\"color: #4643c9; text-align: center; font-size: 20px;\"><strong>Prof. Gwanggil Jeon<\/strong><\/p>\n<p style=\"text-align: center; font-size: 16px;\">Editorial Committee<br \/>\nHanyang University<br \/>\nSouth Korea<\/p>\n<p>[\/vc_column_text][\/vc_column_inner][vc_column_inner width=&#8221;1\/4&#8243; css=&#8221;.vc_custom_1710273181242{padding-right: 5px !important;padding-left: 5px !important;}&#8221;][vc_single_image image=&#8221;16073&#8243; img_size=&#8221;200&#215;200&#8243; alignment=&#8221;center&#8221;][vc_column_text]<\/p>\n<p class=\"founders\" style=\"color: #4643c9; text-align: center; font-size: 20px;\"><strong>Prof. Julius T. Nganji<\/strong><\/p>\n<p style=\"text-align: center; font-size: 16px;\">Editorial Committee<br \/>\nUniversity of Toronto<br \/>\nCanada<\/p>\n<p>[\/vc_column_text][\/vc_column_inner][vc_column_inner width=&#8221;1\/4&#8243; css=&#8221;.vc_custom_1710273188808{padding-right: 5px !important;padding-left: 5px !important;}&#8221;][vc_single_image image=&#8221;16071&#8243; img_size=&#8221;200&#215;200&#8243; alignment=&#8221;center&#8221;][vc_column_text]<\/p>\n<p class=\"founders\" style=\"color: #4643c9; text-align: center; font-size: 20px;\"><strong>Prof. Claudia Camacho-Z\u00fa\u00f1iga<\/strong><\/p>\n<p style=\"text-align: center; font-size: 16px;\">Editorial Committee<br \/>\nTecnol\u00f3gico de Monterrey<br \/>\nMexico<\/p>\n<p>[\/vc_column_text][\/vc_column_inner][vc_column_inner width=&#8221;1\/4&#8243;][vc_single_image image=&#8221;16305&#8243; img_size=&#8221;200&#215;200&#8243; alignment=&#8221;center&#8221;][vc_column_text]<\/p>\n<p class=\"founders\" style=\"color: #4643c9; text-align: center; font-size: 20px;\"><strong>Prof. Patricia Caratozzolo<\/strong><\/p>\n<p style=\"text-align: center; font-size: 16px;\">Editorial Committee<br \/>\nTecnol\u00f3gico de Monterrey<br \/>\nMexico<\/p>\n<p>[\/vc_column_text][\/vc_column_inner][\/vc_row_inner][vc_row_inner gap=&#8221;35&#8243; css=&#8221;.vc_custom_1713278974684{margin-top: 20px !important;margin-bottom: 70px !important;}&#8221;][vc_column_inner width=&#8221;1\/4&#8243; css=&#8221;.vc_custom_1710273173608{padding-right: 5px !important;padding-left: 5px !important;}&#8221;][vc_single_image image=&#8221;16303&#8243; img_size=&#8221;200&#215;200&#8243; alignment=&#8221;center&#8221;][vc_column_text]<\/p>\n<p class=\"founders\" style=\"color: #4643c9; text-align: center; font-size: 20px;\"><strong>Prof. Diego Hern\u00e1n Peluffo-Ord\u00f3\u00f1ez<\/strong><\/p>\n<p style=\"text-align: center; font-size: 16px;\">Editorial Committee<br \/>\nMohammed VI Polytechnic University<br \/>\nMorocco<\/p>\n<p>[\/vc_column_text][\/vc_column_inner][vc_column_inner width=&#8221;1\/4&#8243; css=&#8221;.vc_custom_1710273181242{padding-right: 5px !important;padding-left: 5px !important;}&#8221;][vc_single_image image=&#8221;16322&#8243; img_size=&#8221;200&#215;200&#8243; alignment=&#8221;center&#8221;][vc_column_text]<\/p>\n<p class=\"founders\" style=\"color: #4643c9; text-align: center; font-size: 20px;\"><strong>Dr. Haylen Alejandra Perines V\u00e9liz<\/strong><\/p>\n<p style=\"text-align: center; font-size: 16px;\">Editorial Committee<br \/>\nUniversidad Internacional de Valencia<br \/>\nSpain<\/p>\n<p>[\/vc_column_text][\/vc_column_inner][vc_column_inner width=&#8221;1\/4&#8243; css=&#8221;.vc_custom_1710273188808{padding-right: 5px !important;padding-left: 5px !important;}&#8221;][vc_single_image image=&#8221;16316&#8243; img_size=&#8221;200&#215;200&#8243; alignment=&#8221;center&#8221;][vc_column_text]<\/p>\n<p class=\"founders\" style=\"color: #4643c9; text-align: center; font-size: 20px;\"><strong>Dr. May Iliana Portuguez Castro <\/strong><\/p>\n<p style=\"text-align: center; font-size: 16px;\">Editorial Committee<br \/>\nPontificia Cat\u00f3lica del Per\u00fa<br \/>\nPer\u00fa<\/p>\n<p>[\/vc_column_text][\/vc_column_inner][vc_column_inner width=&#8221;1\/4&#8243;][vc_single_image image=&#8221;16387&#8243; img_size=&#8221;200&#215;200&#8243; alignment=&#8221;center&#8221;][vc_column_text]<\/p>\n<p class=\"founders\" style=\"color: #4643c9; text-align: center; font-size: 20px;\"><strong>Prof. Jos\u00e9 Luis Martin N\u00fa\u00f1ez<\/strong><\/p>\n<p style=\"text-align: center; font-size: 16px;\">Editorial Committee<br \/>\nUniversidad Polit\u00e9cnica de Madrid<br \/>\nSpain<\/p>\n<p>[\/vc_column_text][\/vc_column_inner][\/vc_row_inner][\/vc_column][\/vc_row][vc_row css=&#8221;.vc_custom_1683319869846{margin-bottom: -50px !important;background-color: #000000 !important;}&#8221;][vc_column][vc_row_inner css=&#8221;.vc_custom_1683319905509{margin-top: 40px !important;}&#8221;][vc_column_inner width=&#8221;1\/4&#8243;][vc_single_image image=&#8221;15108&#8243; img_size=&#8221;&#8221; alignment=&#8221;center&#8221; css=&#8221;.vc_custom_1713551242157{margin-top: 10px !important;}&#8221;][\/vc_column_inner][vc_column_inner width=&#8221;1\/4&#8243;][vc_single_image image=&#8221;12482&#8243; img_size=&#8221;180&#215;54&#8243; alignment=&#8221;center&#8221; css=&#8221;.vc_custom_1713551250268{margin-top: 10px !important;}&#8221;][\/vc_column_inner][vc_column_inner width=&#8221;1\/4&#8243;][vc_single_image image=&#8221;12481&#8243; img_size=&#8221;200&#215;51&#8243; alignment=&#8221;center&#8221; css=&#8221;.vc_custom_1713551258868{margin-top: 10px !important;}&#8221;][\/vc_column_inner][vc_column_inner width=&#8221;1\/4&#8243;][vc_single_image image=&#8221;16227&#8243; img_size=&#8221;200&#215;99&#8243; alignment=&#8221;center&#8221; css=&#8221;.vc_custom_1713549019358{margin-top: -20px !important;}&#8221;][\/vc_column_inner][\/vc_row_inner][\/vc_column][\/vc_row]<\/p>\n<\/div>","protected":false},"excerpt":{"rendered":"<p>[vc_row full_width=&#8221;stretch_row_content_no_spaces&#8221; container=&#8221;0&#8243;][vc_column][vc_empty_space height=&#8221;90px&#8221;][vc_single_image image=&#8221;15897&#8243; img_size=&#8221;full&#8221;][vc_row_inner css=&#8221;.vc_custom_1683225050211{margin-top: -40px !important;background-color: #4643c9 !important;}&#8221;][vc_column_inner][vc_empty_space][\/vc_column_inner][\/vc_row_inner][vc_row_inner css=&#8221;.vc_custom_1710264839932{margin-top: 0px !important;padding-top: 0px !important;}&#8221;][vc_column_inner css=&#8221;.vc_custom_1710264847598{margin-top: 0px !important;padding-top: 0px !important;}&#8221;][vc_column_text css=&#8221;.vc_custom_1710273790861{margin-top: 30px !important;margin-bottom: 30px !important;}&#8221;] IFE Conference Executives [\/vc_column_text][\/vc_column_inner][\/vc_row_inner][\/vc_column][\/vc_row][vc_row full_width=&#8221;stretch_row_content&#8221; gap=&#8221;30&#8243; content_placement=&#8221;bottom&#8221; css=&#8221;.vc_custom_1710268354712{background-color: #e3e9ff !important;}&#8221;][vc_column][vc_row_inner gap=&#8221;35&#8243; css=&#8221;.vc_custom_1710268635928{margin-top: 70px !important;margin-bottom: 70px !important;}&#8221;][vc_column_inner<\/p>\n","protected":false},"author":1,"featured_media":0,"parent":0,"menu_order":0,"comment_status":"closed","ping_status":"closed","template":"home_template.php","meta":{"footnotes":""},"class_list":["post-15891","page","type-page","status-publish","hentry"],"yoast_head":"<!-- This site is optimized with the Yoast SEO plugin v27.4 - https:\/\/yoast.com\/product\/yoast-seo-wordpress\/ -->\n<title>Committees - IFE Conference<\/title>\n<meta name=\"description\" content=\"IFE Conference, antes CIIE, del 28 al 30 de enero de 2025 en el Tecnol\u00f3gico de Monterrey, en Monterrey, M\u00e9xico\" \/>\n<meta name=\"robots\" content=\"index, follow, max-snippet:-1, max-image-preview:large, max-video-preview:-1\" \/>\n<link rel=\"canonical\" href=\"https:\/\/ciie.itesm.mx\/en\/comites\/\" \/>\n<meta property=\"og:locale\" content=\"en_US\" \/>\n<meta property=\"og:type\" content=\"article\" \/>\n<meta property=\"og:title\" content=\"Committees - IFE Conference\" \/>\n<meta property=\"og:description\" content=\"IFE Conference, antes CIIE, del 28 al 30 de enero de 2025 en el Tecnol\u00f3gico de Monterrey, en Monterrey, M\u00e9xico\" \/>\n<meta property=\"og:url\" content=\"https:\/\/ciie.itesm.mx\/en\/comites\/\" \/>\n<meta property=\"og:site_name\" content=\"IFE Conference\" \/>\n<meta property=\"article:modified_time\" content=\"2024-07-02T17:48:02+00:00\" \/>\n<meta property=\"og:image\" content=\"https:\/\/ciie.itesm.mx\/wp-content\/uploads\/2023\/05\/ife-conference-social.png\" \/>\n\t<meta property=\"og:image:width\" content=\"480\" \/>\n\t<meta property=\"og:image:height\" content=\"480\" \/>\n\t<meta property=\"og:image:type\" content=\"image\/png\" \/>\n<meta name=\"twitter:card\" content=\"summary_large_image\" \/>\n<meta name=\"twitter:label1\" content=\"Est. reading time\" \/>\n\t<meta name=\"twitter:data1\" content=\"14 minutes\" \/>\n<script type=\"application\/ld+json\" class=\"yoast-schema-graph\">{\"@context\":\"https:\\\/\\\/schema.org\",\"@graph\":[{\"@type\":\"WebPage\",\"@id\":\"https:\\\/\\\/ciie.itesm.mx\\\/en\\\/comites\\\/\",\"url\":\"https:\\\/\\\/ciie.itesm.mx\\\/en\\\/comites\\\/\",\"name\":\"Committees - IFE Conference\",\"isPartOf\":{\"@id\":\"https:\\\/\\\/ciie.itesm.mx\\\/en\\\/#website\"},\"datePublished\":\"2024-03-12T16:25:18+00:00\",\"dateModified\":\"2024-07-02T17:48:02+00:00\",\"description\":\"IFE Conference, antes CIIE, del 28 al 30 de enero de 2025 en el Tecnol\u00f3gico de Monterrey, en Monterrey, M\u00e9xico\",\"breadcrumb\":{\"@id\":\"https:\\\/\\\/ciie.itesm.mx\\\/en\\\/comites\\\/#breadcrumb\"},\"inLanguage\":\"en-US\",\"potentialAction\":[{\"@type\":\"ReadAction\",\"target\":[\"https:\\\/\\\/ciie.itesm.mx\\\/en\\\/comites\\\/\"]}]},{\"@type\":\"BreadcrumbList\",\"@id\":\"https:\\\/\\\/ciie.itesm.mx\\\/en\\\/comites\\\/#breadcrumb\",\"itemListElement\":[{\"@type\":\"ListItem\",\"position\":1,\"name\":\"Portada\",\"item\":\"https:\\\/\\\/ciie.itesm.mx\\\/es\\\/\"},{\"@type\":\"ListItem\",\"position\":2,\"name\":\"Committees\"}]},{\"@type\":\"WebSite\",\"@id\":\"https:\\\/\\\/ciie.itesm.mx\\\/en\\\/#website\",\"url\":\"https:\\\/\\\/ciie.itesm.mx\\\/en\\\/\",\"name\":\"IFE Conference\",\"description\":\"IFE Conference, antes CIIE, del 28 al 30 de enero de 2025 en el Tecnol\u00f3gico de Monterrey, en Monterrey, M\u00e9xico\",\"potentialAction\":[{\"@type\":\"SearchAction\",\"target\":{\"@type\":\"EntryPoint\",\"urlTemplate\":\"https:\\\/\\\/ciie.itesm.mx\\\/en\\\/?s={search_term_string}\"},\"query-input\":{\"@type\":\"PropertyValueSpecification\",\"valueRequired\":true,\"valueName\":\"search_term_string\"}}],\"inLanguage\":\"en-US\"}]}<\/script>\n<!-- \/ Yoast SEO plugin. -->","yoast_head_json":{"title":"Committees - IFE Conference","description":"IFE Conference, antes CIIE, del 28 al 30 de enero de 2025 en el Tecnol\u00f3gico de Monterrey, en Monterrey, M\u00e9xico","robots":{"index":"index","follow":"follow","max-snippet":"max-snippet:-1","max-image-preview":"max-image-preview:large","max-video-preview":"max-video-preview:-1"},"canonical":"https:\/\/ciie.itesm.mx\/en\/comites\/","og_locale":"en_US","og_type":"article","og_title":"Committees - IFE Conference","og_description":"IFE Conference, antes CIIE, del 28 al 30 de enero de 2025 en el Tecnol\u00f3gico de Monterrey, en Monterrey, M\u00e9xico","og_url":"https:\/\/ciie.itesm.mx\/en\/comites\/","og_site_name":"IFE Conference","article_modified_time":"2024-07-02T17:48:02+00:00","og_image":[{"width":480,"height":480,"url":"https:\/\/ciie.itesm.mx\/wp-content\/uploads\/2023\/05\/ife-conference-social.png","type":"image\/png"}],"twitter_card":"summary_large_image","twitter_misc":{"Est. reading time":"14 minutes"},"schema":{"@context":"https:\/\/schema.org","@graph":[{"@type":"WebPage","@id":"https:\/\/ciie.itesm.mx\/en\/comites\/","url":"https:\/\/ciie.itesm.mx\/en\/comites\/","name":"Committees - IFE Conference","isPartOf":{"@id":"https:\/\/ciie.itesm.mx\/en\/#website"},"datePublished":"2024-03-12T16:25:18+00:00","dateModified":"2024-07-02T17:48:02+00:00","description":"IFE Conference, antes CIIE, del 28 al 30 de enero de 2025 en el Tecnol\u00f3gico de Monterrey, en Monterrey, M\u00e9xico","breadcrumb":{"@id":"https:\/\/ciie.itesm.mx\/en\/comites\/#breadcrumb"},"inLanguage":"en-US","potentialAction":[{"@type":"ReadAction","target":["https:\/\/ciie.itesm.mx\/en\/comites\/"]}]},{"@type":"BreadcrumbList","@id":"https:\/\/ciie.itesm.mx\/en\/comites\/#breadcrumb","itemListElement":[{"@type":"ListItem","position":1,"name":"Portada","item":"https:\/\/ciie.itesm.mx\/es\/"},{"@type":"ListItem","position":2,"name":"Committees"}]},{"@type":"WebSite","@id":"https:\/\/ciie.itesm.mx\/en\/#website","url":"https:\/\/ciie.itesm.mx\/en\/","name":"IFE Conference","description":"IFE Conference, antes CIIE, del 28 al 30 de enero de 2025 en el Tecnol\u00f3gico de Monterrey, en Monterrey, M\u00e9xico","potentialAction":[{"@type":"SearchAction","target":{"@type":"EntryPoint","urlTemplate":"https:\/\/ciie.itesm.mx\/en\/?s={search_term_string}"},"query-input":{"@type":"PropertyValueSpecification","valueRequired":true,"valueName":"search_term_string"}}],"inLanguage":"en-US"}]}},"_links":{"self":[{"href":"https:\/\/ciie.itesm.mx\/en\/wp-json\/wp\/v2\/pages\/15891","targetHints":{"allow":["GET"]}}],"collection":[{"href":"https:\/\/ciie.itesm.mx\/en\/wp-json\/wp\/v2\/pages"}],"about":[{"href":"https:\/\/ciie.itesm.mx\/en\/wp-json\/wp\/v2\/types\/page"}],"author":[{"embeddable":true,"href":"https:\/\/ciie.itesm.mx\/en\/wp-json\/wp\/v2\/users\/1"}],"replies":[{"embeddable":true,"href":"https:\/\/ciie.itesm.mx\/en\/wp-json\/wp\/v2\/comments?post=15891"}],"version-history":[{"count":113,"href":"https:\/\/ciie.itesm.mx\/en\/wp-json\/wp\/v2\/pages\/15891\/revisions"}],"predecessor-version":[{"id":16400,"href":"https:\/\/ciie.itesm.mx\/en\/wp-json\/wp\/v2\/pages\/15891\/revisions\/16400"}],"wp:attachment":[{"href":"https:\/\/ciie.itesm.mx\/en\/wp-json\/wp\/v2\/media?parent=15891"}],"curies":[{"name":"wp","href":"https:\/\/api.w.org\/{rel}","templated":true}]}}