{"id":11146,"date":"2022-12-06T14:36:34","date_gmt":"2022-12-06T14:36:34","guid":{"rendered":"https:\/\/ciie.itesm.mx\/es\/?page_id=11146"},"modified":"2023-01-04T04:10:15","modified_gmt":"2023-01-04T04:10:15","slug":"precios-3","status":"publish","type":"page","link":"https:\/\/ciie.itesm.mx\/es\/precios-2023\/","title":{"rendered":"Precios"},"content":{"rendered":"<div class=\"wpb-content-wrapper\"><p>[vc_row full_width=&#8221;stretch_row_content_no_spaces&#8221; container=&#8221;0&#8243;][vc_column][vc_empty_space height=&#8221;100px&#8221;][vc_single_image image=&#8221;11939&#8243; img_size=&#8221;full&#8221;][\/vc_column][\/vc_row][vc_row][vc_column][vc_raw_html]JTNDbGluayUyMHJlbCUzRCUyMnByZWNvbm5lY3QlMjIlMjBocmVmJTNEJTIyaHR0cHMlM0ElMkYlMkZmb250cy5nb29nbGVhcGlzLmNvbSUyMiUzRSUwQSUzQ2xpbmslMjByZWwlM0QlMjJwcmVjb25uZWN0JTIyJTIwaHJlZiUzRCUyMmh0dHBzJTNBJTJGJTJGZm9udHMuZ3N0YXRpYy5jb20lMjIlMjBjcm9zc29yaWdpbiUzRSUwQSUzQyUyMS0tJTNDbGluayUyMGhyZWYlM0QlMjJodHRwcyUzQSUyRiUyRmZvbnRzLmdvb2dsZWFwaXMuY29tJTJGY3NzMiUzRmZhbWlseSUzRE51bml0byUyQlNhbnMlMjZkaXNwbGF5JTNEc3dhcCUyMiUyMHJlbCUzRCUyMnN0eWxlc2hlZXQlMjIlM0UlMEElM0NsaW5rJTIwaHJlZiUzRCUyMmh0dHBzJTNBJTJGJTJGZm9udHMuZ29vZ2xlYXBpcy5jb20lMkZjc3MyJTNGZmFtaWx5JTNETnVuaXRvJTJCU2FucyUzQXdnaHQlNDA0MDAlM0I3MDAlM0I5MDAlMjZkaXNwbGF5JTNEc3dhcCUyMiUyMHJlbCUzRCUyMnN0eWxlc2hlZXQlMjIlM0UtLSUzRSUwQSUzQ2xpbmslMjBocmVmJTNEJTIyaHR0cHMlM0ElMkYlMkZmb250cy5nb29nbGVhcGlzLmNvbSUyRmNzczIlM0ZmYW1pbHklM0ROdW5pdG8lMkJTYW5zJTNBd2dodCU0MDkwMCUyNmRpc3BsYXklM0Rzd2FwJTIyJTIwcmVsJTNEJTIyc3R5bGVzaGVldCUyMiUzRSUyMCUwQSUwQQ==[\/vc_raw_html][vc_column_text]<\/p>\n<p style=\"font-family: 'Nunito Sans', sans-serif; color: #000000; font-weight: 900 !important; font-size: 40px;\"><strong>BOLETOS &#8211; Experiencia presencial<\/strong><\/p>\n<p style=\"font-family: 'Nunito Sans', sans-serif; font-size: 20px; color: #606060;\"><strong>\u00bfQu\u00e9 incluye el precio de la inscripci\u00f3n?<\/strong><\/p>\n<ul class=\"bullet\">\n<li>Acceso a conferencias magistrales<\/li>\n<li>Aceso a m\u00e1s de 350 actividades simult\u00e1neas<\/li>\n<li>Constancia de participaci\u00f3n en CIIE2023<\/li>\n<\/ul>\n<p>[\/vc_column_text][\/vc_column][\/vc_row][vc_row content_placement=&#8221;middle&#8221; css=&#8221;.vc_custom_1670340414944{background-color: #ededed !important;}&#8221;][vc_column width=&#8221;2\/3&#8243; css=&#8221;.vc_custom_1670340270076{margin-top: 50px !important;margin-bottom: 50px !important;}&#8221;][vc_column_text]<\/p>\n<p class=\"texto-rojo\"><strong>Ponentes con contribuci\u00f3n aceptada por el Comit\u00e9 Cient\u00edfico del CIIE<\/strong><\/p>\n<p><strong>Importante:<\/strong> Se requiere tener el c\u00f3digo ponente especial incluido en el correo de confirmaci\u00f3n.<\/p>\n<p><strong class=\"texto-rojo\">Ponentes<\/strong><\/p>\n<ul>\n<li style=\"list-style-type: none;\">\n<ul>\n<li style=\"list-style-type: none;\">\n<ul>\n<li><strong>Early bird (vigencia hasta el 09 de diciembre)<\/strong>\n<ul>\n<li>$3,150 pesos mexicanos | $157 d\u00f3lares americanos<\/li>\n<\/ul>\n<\/li>\n<li><strong>Precio normal<\/strong>\n<ul>\n<li>$4,600 pesos mexicanos\u00a0 | $230 d\u00f3lares americanos<\/li>\n<\/ul>\n<\/li>\n<\/ul>\n<\/li>\n<\/ul>\n<\/li>\n<\/ul>\n<p>[\/vc_column_text][\/vc_column][vc_column width=&#8221;1\/3&#8243;][vc_empty_space height=&#8221;160px&#8221;][vc_column_text]<a class=\"btn btn-theme\" style=\"background-color: red; border-color: red;\" href=\"https:\/\/preregistrate.mx\/2023\/ciie\/registro\/ponente\/es\" target=\"_blank\" rel=\"noopener noreferrer\">REGISTRO PONENTE<\/a>[\/vc_column_text][\/vc_column][\/vc_row][vc_row content_placement=&#8221;middle&#8221; css=&#8221;.vc_custom_1670340527912{background-color: #ffffff !important;}&#8221;][vc_column width=&#8221;2\/3&#8243; css=&#8221;.vc_custom_1670340270076{margin-top: 50px !important;margin-bottom: 50px !important;}&#8221;][vc_column_text]<\/p>\n<div>\n<p><strong class=\"texto-rojo\">P\u00fablico en general<\/strong><\/p>\n<ul>\n<li style=\"list-style-type: none;\">\n<ul>\n<li style=\"list-style-type: none;\">\n<ul>\n<li><strong>Early bird (vigencia hasta el 09 de diciembre)<\/strong>\n<ul>\n<li>$4,600 pesos mexicanos | $230 d\u00f3lares americanos<\/li>\n<\/ul>\n<\/li>\n<li><strong>Precio normal<\/strong>\n<ul>\n<li>$5,600 pesos mexicanos\u00a0 | $280 d\u00f3lares americanos<\/li>\n<\/ul>\n<\/li>\n<\/ul>\n<\/li>\n<\/ul>\n<\/li>\n<\/ul>\n<\/div>\n<p>[\/vc_column_text][\/vc_column][vc_column width=&#8221;1\/3&#8243;][vc_empty_space height=&#8221;120px&#8221;][vc_column_text]<a class=\"btn btn-theme\" style=\"background-color: red; border-color: red;\" href=\"https:\/\/preregistrate.mx\/2023\/ciie\/registro\/general\/es\" target=\"_blank\" rel=\"noopener noreferrer\">REGISTRO GENERAL<\/a>[\/vc_column_text][\/vc_column][\/vc_row][vc_row content_placement=&#8221;middle&#8221; css=&#8221;.vc_custom_1670340414944{background-color: #ededed !important;}&#8221;][vc_column width=&#8221;2\/3&#8243; css=&#8221;.vc_custom_1670340270076{margin-top: 50px !important;margin-bottom: 50px !important;}&#8221;][vc_column_text]<strong class=\"texto-rojo\">Planes para grupo de una misma instituci\u00f3n<\/strong><\/p>\n<ul>\n<li style=\"list-style-type: none;\">\n<ul>\n<li style=\"list-style-type: none;\">\n<ul>\n<li><strong>Early bird (vigencia hasta el 09 de diciembre)<\/strong>\n<ul>\n<li>3 o m\u00e1s participantes:<br \/>\n$3,200 pesos mexicanos | $160 d\u00f3lares americanos<\/li>\n<\/ul>\n<\/li>\n<li><strong>Precio normal<\/strong>\n<ul>\n<li>3 o m\u00e1s participantes<\/li>\n<li>$4,100 pesos mexicanos\u00a0 | $205 d\u00f3lares americanos<\/li>\n<\/ul>\n<\/li>\n<\/ul>\n<\/li>\n<\/ul>\n<\/li>\n<\/ul>\n<p>[\/vc_column_text][\/vc_column][vc_column width=&#8221;1\/3&#8243;][vc_empty_space height=&#8221;140px&#8221;][vc_column_text]<a class=\"btn btn-theme\" style=\"background-color: red; border-color: red;\" href=\"https:\/\/preregistrate.mx\/2023\/ciie\/registro\/grupos\/es\" target=\"_blank\" rel=\"noopener noreferrer\">REGISTRO GRUPO<\/a>[\/vc_column_text][\/vc_column][\/vc_row][vc_row content_placement=&#8221;middle&#8221; css=&#8221;.vc_custom_1670340527912{background-color: #ffffff !important;}&#8221;][vc_column width=&#8221;2\/3&#8243; css=&#8221;.vc_custom_1670340270076{margin-top: 50px !important;margin-bottom: 50px !important;}&#8221;][vc_column_text]<\/p>\n<div>\n<p><strong class=\"texto-rojo\">EXATEC\u2019s y alumnos de posgrado del Tecnol\u00f3gico de Monterrey<\/strong><\/p>\n<\/div>\n<p><strong>Importante: <\/strong>Se requiere n\u00famero de matr\u00edcula para el registro<\/p>\n<ul>\n<li style=\"list-style-type: none;\">\n<ul>\n<li style=\"list-style-type: none;\">\n<ul>\n<li><strong>Early bird (vigencia hasta el 09 de diciembre)<\/strong>\n<ul>\n<li>$3,150 pesos mexicanos | $157 d\u00f3lares americanos<\/li>\n<\/ul>\n<\/li>\n<li><strong>Precio normal<\/strong>\n<ul>\n<li>$4,600 pesos mexicanos\u00a0 | $230 d\u00f3lares americanos<\/li>\n<\/ul>\n<\/li>\n<\/ul>\n<\/li>\n<\/ul>\n<\/li>\n<\/ul>\n<p>[\/vc_column_text][\/vc_column][vc_column width=&#8221;1\/3&#8243;][vc_empty_space height=&#8221;120px&#8221;][vc_column_text]<a class=\"btn btn-theme\" style=\"background-color: red; border-color: red;\" href=\"https:\/\/preregistrate.mx\/2023\/ciie\/registro\/exatec\/es\" target=\"_blank\" rel=\"noopener noreferrer\">REGISTRO EXATEC<\/a>[\/vc_column_text][\/vc_column][\/vc_row][vc_row content_placement=&#8221;middle&#8221; css=&#8221;.vc_custom_1670340414944{background-color: #ededed !important;}&#8221;][vc_column width=&#8221;2\/3&#8243; css=&#8221;.vc_custom_1670340270076{margin-top: 50px !important;margin-bottom: 50px !important;}&#8221;][vc_column_text]<strong>Personal del Tecnol\u00f3gico de Monterrey,\u00a0Tec Salud y Tecmilenio<\/strong><\/p>\n<p><strong>Becados<\/strong><\/p>\n<p><strong>Importante: <\/strong>Ingresar a SuccessFctor para aplicar a la convocatoria CIIE 2023.<\/p>\n<p><strong class=\"texto-rojo\">\u00bfQu\u00e9 incluye el precio de inscripci\u00f3n? <\/strong><\/p>\n<ul>\n<li style=\"list-style-type: none;\">\n<ul>\n<li style=\"list-style-type: none;\">\n<ul>\n<li>Acceso a conferencias magistrales<\/li>\n<li>Acceso a m\u00e1s de 350 actividades simult\u00e1neas<\/li>\n<li>Constancia de participaci\u00f3n digital<\/li>\n<\/ul>\n<\/li>\n<\/ul>\n<\/li>\n<\/ul>\n<p class=\"\" style=\"margin-top: 15px;\">Todos los dem\u00e1s gastos que implica la participaci\u00f3n en el evento no est\u00e1n incluidos y son por cuenta del participante.<\/p>\n<p>[\/vc_column_text][\/vc_column][vc_column width=&#8221;1\/3&#8243;][vc_empty_space height=&#8221;160px&#8221;][vc_column_text]<a class=\"btn btn-theme\" style=\"background-color: red; border-color: red;\" href=\"https:\/\/youtu.be\/VszAzktLy3U\" target=\"_blank\" rel=\"noopener noreferrer\">VER VIDEO<\/a>[\/vc_column_text][\/vc_column][\/vc_row][vc_row][vc_column][vc_raw_js]<\/p>\n<p>JTNDc2NyaXB0JTNFJTI4ZnVuY3Rpb24lMjglMjklMjAlN0IlMEF2YXIlMjBfZmJxJTIwJTNEJTIwd2luZG93Ll9mYnElMjAlN0MlN0MlMjAlMjh3aW5kb3cuX2ZicSUyMCUzRCUyMCU1QiU1RCUyOSUzQiUwQWlmJTIwJTI4JTIxX2ZicS5sb2FkZWQlMjklMjAlN0IlMEF2YXIlMjBmYmRzJTIwJTNEJTIwZG9jdW1lbnQuY3JlYXRlRWxlbWVudCUyOCUyN3NjcmlwdCUyNyUyOSUzQiUwQWZiZHMuYXN5bmMlMjAlM0QlMjB0cnVlJTNCJTBBZmJkcy5zcmMlMjAlM0QlMjAlMjclMkYlMkZjb25uZWN0LmZhY2Vib29rLm5ldCUyRmVuX1VTJTJGZmJkcy5qcyUyNyUzQiUwQXZhciUyMHMlMjAlM0QlMjBkb2N1bWVudC5nZXRFbGVtZW50c0J5VGFnTmFtZSUyOCUyN3NjcmlwdCUyNyUyOSU1QjAlNUQlM0IlMEFzLnBhcmVudE5vZGUuaW5zZXJ0QmVmb3JlJTI4ZmJkcyUyQyUyMHMlMjklM0IlMEFfZmJxLmxvYWRlZCUyMCUzRCUyMHRydWUlM0IlMEElN0QlMEElN0QlMjklMjglMjklM0IlMEF3aW5kb3cuX2ZicSUyMCUzRCUyMHdpbmRvdy5fZmJxJTIwJTdDJTdDJTIwJTVCJTVEJTNCJTBBd2luZG93Ll9mYnEucHVzaCUyOCU1QiUyN3RyYWNrJTI3JTJDJTIwJTI3NjAzMDgwNzkwODY4NSUyNyUyQyUyMCU3QiUyN3ZhbHVlJTI3JTNBJTI3MC4wMCUyNyUyQyUyN2N1cnJlbmN5JTI3JTNBJTI3TVhOJTI3JTdEJTVEJTI5JTNCJTBBJTNDJTJGc2NyaXB0JTNFJTBBJTNDbm9zY3JpcHQlM0UlM0NpbWclMjBoZWlnaHQlM0QlMjIxJTIyJTIwd2lkdGglM0QlMjIxJTIyJTIwYWx0JTNEJTIyJTIyJTIwc3R5bGUlM0QlMjJkaXNwbGF5JTNBbm9uZSUyMiUyMHNyYyUzRCUyMmh0dHBzJTNBJTJGJTJGd3d3LmZhY2Vib29rLmNvbSUyRnRyJTNGZXYlM0Q2MDMwODA3OTA4Njg1JTI2YW1wJTNCY2QlNUJ2YWx1ZSU1RCUzRDAuMDAlMjZhbXAlM0JjZCU1QmN1cnJlbmN5JTVEJTNETVhOJTI2YW1wJTNCbm9zY3JpcHQlM0QxJTIyJTIwJTJGJTNFJTNDJTJGbm9zY3JpcHQlM0UlMEE=<\/p>\n<p>[\/vc_raw_js][\/vc_column][\/vc_row][vc_row][vc_column][vc_column_text]<\/p>\n<p>[\/vc_column_text][\/vc_column][\/vc_row]<\/p>\n<\/div>","protected":false},"excerpt":{"rendered":"<p>[vc_row full_width=&#8221;stretch_row_content_no_spaces&#8221; container=&#8221;0&#8243;][vc_column][vc_empty_space height=&#8221;100px&#8221;][vc_single_image image=&#8221;11939&#8243; img_size=&#8221;full&#8221;][\/vc_column][\/vc_row][vc_row][vc_column][vc_raw_html]JTNDbGluayUyMHJlbCUzRCUyMnByZWNvbm5lY3QlMjIlMjBocmVmJTNEJTIyaHR0cHMlM0ElMkYlMkZmb250cy5nb29nbGVhcGlzLmNvbSUyMiUzRSUwQSUzQ2xpbmslMjByZWwlM0QlMjJwcmVjb25uZWN0JTIyJTIwaHJlZiUzRCUyMmh0dHBzJTNBJTJGJTJGZm9udHMuZ3N0YXRpYy5jb20lMjIlMjBjcm9zc29yaWdpbiUzRSUwQSUzQyUyMS0tJTNDbGluayUyMGhyZWYlM0QlMjJodHRwcyUzQSUyRiUyRmZvbnRzLmdvb2dsZWFwaXMuY29tJTJGY3NzMiUzRmZhbWlseSUzRE51bml0byUyQlNhbnMlMjZkaXNwbGF5JTNEc3dhcCUyMiUyMHJlbCUzRCUyMnN0eWxlc2hlZXQlMjIlM0UlMEElM0NsaW5rJTIwaHJlZiUzRCUyMmh0dHBzJTNBJTJGJTJGZm9udHMuZ29vZ2xlYXBpcy5jb20lMkZjc3MyJTNGZmFtaWx5JTNETnVuaXRvJTJCU2FucyUzQXdnaHQlNDA0MDAlM0I3MDAlM0I5MDAlMjZkaXNwbGF5JTNEc3dhcCUyMiUyMHJlbCUzRCUyMnN0eWxlc2hlZXQlMjIlM0UtLSUzRSUwQSUzQ2xpbmslMjBocmVmJTNEJTIyaHR0cHMlM0ElMkYlMkZmb250cy5nb29nbGVhcGlzLmNvbSUyRmNzczIlM0ZmYW1pbHklM0ROdW5pdG8lMkJTYW5zJTNBd2dodCU0MDkwMCUyNmRpc3BsYXklM0Rzd2FwJTIyJTIwcmVsJTNEJTIyc3R5bGVzaGVldCUyMiUzRSUyMCUwQSUwQQ==[\/vc_raw_html][vc_column_text] BOLETOS &#8211; Experiencia presencial \u00bfQu\u00e9 incluye el precio de la inscripci\u00f3n? Acceso a conferencias magistrales Aceso a m\u00e1s de 350 actividades simult\u00e1neas Constancia de participaci\u00f3n en CIIE2023 [\/vc_column_text][\/vc_column][\/vc_row][vc_row content_placement=&#8221;middle&#8221; css=&#8221;.vc_custom_1670340414944{background-color: #ededed !important;}&#8221;][vc_column width=&#8221;2\/3&#8243; css=&#8221;.vc_custom_1670340270076{margin-top: 50px !important;margin-bottom:<\/p>\n","protected":false},"author":1,"featured_media":0,"parent":0,"menu_order":0,"comment_status":"closed","ping_status":"closed","template":"home_template.php","meta":{"footnotes":""},"class_list":["post-11146","page","type-page","status-publish","hentry"],"yoast_head":"<!-- This site is optimized with the Yoast SEO plugin v27.4 - https:\/\/yoast.com\/product\/yoast-seo-wordpress\/ -->\n<title>Precios - IFE Conferece<\/title>\n<meta name=\"description\" content=\"IFE Conference, antes CIIE, del 28 al 30 de enero de 2025 en el Tecnol\u00f3gico de Monterrey, en Monterrey, M\u00e9xico\" \/>\n<meta name=\"robots\" content=\"index, follow, max-snippet:-1, max-image-preview:large, max-video-preview:-1\" \/>\n<link rel=\"canonical\" href=\"https:\/\/ciie.itesm.mx\/es\/precios-2023\/\" \/>\n<meta property=\"og:locale\" content=\"es_ES\" \/>\n<meta property=\"og:type\" content=\"article\" \/>\n<meta property=\"og:title\" content=\"Precios - IFE Conferece\" \/>\n<meta property=\"og:description\" content=\"IFE Conference, antes CIIE, del 28 al 30 de enero de 2025 en el Tecnol\u00f3gico de Monterrey, en Monterrey, M\u00e9xico\" \/>\n<meta property=\"og:url\" content=\"https:\/\/ciie.itesm.mx\/es\/precios-2023\/\" \/>\n<meta property=\"og:site_name\" content=\"IFE Conferece\" \/>\n<meta property=\"article:modified_time\" content=\"2023-01-04T04:10:15+00:00\" \/>\n<meta property=\"og:image\" content=\"https:\/\/ciie.itesm.mx\/wp-content\/uploads\/2023\/05\/ife-conference-social.png\" \/>\n\t<meta property=\"og:image:width\" content=\"480\" \/>\n\t<meta property=\"og:image:height\" content=\"480\" \/>\n\t<meta property=\"og:image:type\" content=\"image\/png\" \/>\n<meta name=\"twitter:card\" content=\"summary_large_image\" \/>\n<meta name=\"twitter:label1\" content=\"Tiempo de lectura\" \/>\n\t<meta name=\"twitter:data1\" content=\"2 minutos\" \/>\n<script type=\"application\/ld+json\" class=\"yoast-schema-graph\">{\"@context\":\"https:\\\/\\\/schema.org\",\"@graph\":[{\"@type\":\"WebPage\",\"@id\":\"https:\\\/\\\/ciie.itesm.mx\\\/es\\\/precios-2023\\\/\",\"url\":\"https:\\\/\\\/ciie.itesm.mx\\\/es\\\/precios-2023\\\/\",\"name\":\"Precios - IFE Conferece\",\"isPartOf\":{\"@id\":\"https:\\\/\\\/ciie.itesm.mx\\\/en\\\/#website\"},\"datePublished\":\"2022-12-06T14:36:34+00:00\",\"dateModified\":\"2023-01-04T04:10:15+00:00\",\"description\":\"IFE Conference, antes CIIE, del 28 al 30 de enero de 2025 en el Tecnol\u00f3gico de Monterrey, en Monterrey, M\u00e9xico\",\"breadcrumb\":{\"@id\":\"https:\\\/\\\/ciie.itesm.mx\\\/es\\\/precios-2023\\\/#breadcrumb\"},\"inLanguage\":\"es\",\"potentialAction\":[{\"@type\":\"ReadAction\",\"target\":[\"https:\\\/\\\/ciie.itesm.mx\\\/es\\\/precios-2023\\\/\"]}]},{\"@type\":\"BreadcrumbList\",\"@id\":\"https:\\\/\\\/ciie.itesm.mx\\\/es\\\/precios-2023\\\/#breadcrumb\",\"itemListElement\":[{\"@type\":\"ListItem\",\"position\":1,\"name\":\"Portada\",\"item\":\"https:\\\/\\\/ciie.itesm.mx\\\/es\\\/\"},{\"@type\":\"ListItem\",\"position\":2,\"name\":\"Precios\"}]},{\"@type\":\"WebSite\",\"@id\":\"https:\\\/\\\/ciie.itesm.mx\\\/en\\\/#website\",\"url\":\"https:\\\/\\\/ciie.itesm.mx\\\/en\\\/\",\"name\":\"IFE Conference\",\"description\":\"IFE Conference, antes CIIE, del 28 al 30 de enero de 2025 en el Tecnol\u00f3gico de Monterrey, en Monterrey, M\u00e9xico\",\"potentialAction\":[{\"@type\":\"SearchAction\",\"target\":{\"@type\":\"EntryPoint\",\"urlTemplate\":\"https:\\\/\\\/ciie.itesm.mx\\\/en\\\/?s={search_term_string}\"},\"query-input\":{\"@type\":\"PropertyValueSpecification\",\"valueRequired\":true,\"valueName\":\"search_term_string\"}}],\"inLanguage\":\"es\"}]}<\/script>\n<!-- \/ Yoast SEO plugin. -->","yoast_head_json":{"title":"Precios - IFE Conferece","description":"IFE Conference, antes CIIE, del 28 al 30 de enero de 2025 en el Tecnol\u00f3gico de Monterrey, en Monterrey, M\u00e9xico","robots":{"index":"index","follow":"follow","max-snippet":"max-snippet:-1","max-image-preview":"max-image-preview:large","max-video-preview":"max-video-preview:-1"},"canonical":"https:\/\/ciie.itesm.mx\/es\/precios-2023\/","og_locale":"es_ES","og_type":"article","og_title":"Precios - IFE Conferece","og_description":"IFE Conference, antes CIIE, del 28 al 30 de enero de 2025 en el Tecnol\u00f3gico de Monterrey, en Monterrey, M\u00e9xico","og_url":"https:\/\/ciie.itesm.mx\/es\/precios-2023\/","og_site_name":"IFE Conferece","article_modified_time":"2023-01-04T04:10:15+00:00","og_image":[{"width":480,"height":480,"url":"https:\/\/ciie.itesm.mx\/wp-content\/uploads\/2023\/05\/ife-conference-social.png","type":"image\/png"}],"twitter_card":"summary_large_image","twitter_misc":{"Tiempo de lectura":"2 minutos"},"schema":{"@context":"https:\/\/schema.org","@graph":[{"@type":"WebPage","@id":"https:\/\/ciie.itesm.mx\/es\/precios-2023\/","url":"https:\/\/ciie.itesm.mx\/es\/precios-2023\/","name":"Precios - IFE Conferece","isPartOf":{"@id":"https:\/\/ciie.itesm.mx\/en\/#website"},"datePublished":"2022-12-06T14:36:34+00:00","dateModified":"2023-01-04T04:10:15+00:00","description":"IFE Conference, antes CIIE, del 28 al 30 de enero de 2025 en el Tecnol\u00f3gico de Monterrey, en Monterrey, M\u00e9xico","breadcrumb":{"@id":"https:\/\/ciie.itesm.mx\/es\/precios-2023\/#breadcrumb"},"inLanguage":"es","potentialAction":[{"@type":"ReadAction","target":["https:\/\/ciie.itesm.mx\/es\/precios-2023\/"]}]},{"@type":"BreadcrumbList","@id":"https:\/\/ciie.itesm.mx\/es\/precios-2023\/#breadcrumb","itemListElement":[{"@type":"ListItem","position":1,"name":"Portada","item":"https:\/\/ciie.itesm.mx\/es\/"},{"@type":"ListItem","position":2,"name":"Precios"}]},{"@type":"WebSite","@id":"https:\/\/ciie.itesm.mx\/en\/#website","url":"https:\/\/ciie.itesm.mx\/en\/","name":"IFE Conference","description":"IFE Conference, antes CIIE, del 28 al 30 de enero de 2025 en el Tecnol\u00f3gico de Monterrey, en Monterrey, M\u00e9xico","potentialAction":[{"@type":"SearchAction","target":{"@type":"EntryPoint","urlTemplate":"https:\/\/ciie.itesm.mx\/en\/?s={search_term_string}"},"query-input":{"@type":"PropertyValueSpecification","valueRequired":true,"valueName":"search_term_string"}}],"inLanguage":"es"}]}},"_links":{"self":[{"href":"https:\/\/ciie.itesm.mx\/es\/wp-json\/wp\/v2\/pages\/11146","targetHints":{"allow":["GET"]}}],"collection":[{"href":"https:\/\/ciie.itesm.mx\/es\/wp-json\/wp\/v2\/pages"}],"about":[{"href":"https:\/\/ciie.itesm.mx\/es\/wp-json\/wp\/v2\/types\/page"}],"author":[{"embeddable":true,"href":"https:\/\/ciie.itesm.mx\/es\/wp-json\/wp\/v2\/users\/1"}],"replies":[{"embeddable":true,"href":"https:\/\/ciie.itesm.mx\/es\/wp-json\/wp\/v2\/comments?post=11146"}],"version-history":[{"count":68,"href":"https:\/\/ciie.itesm.mx\/es\/wp-json\/wp\/v2\/pages\/11146\/revisions"}],"predecessor-version":[{"id":11941,"href":"https:\/\/ciie.itesm.mx\/es\/wp-json\/wp\/v2\/pages\/11146\/revisions\/11941"}],"wp:attachment":[{"href":"https:\/\/ciie.itesm.mx\/es\/wp-json\/wp\/v2\/media?parent=11146"}],"curies":[{"name":"wp","href":"https:\/\/api.w.org\/{rel}","templated":true}]}}