{"id":1331,"date":"2015-07-17T23:12:59","date_gmt":"2015-07-17T23:12:59","guid":{"rendered":"http:\/\/475.649.myftpupload.com\/?page_id=1331"},"modified":"2021-03-24T22:47:50","modified_gmt":"2021-03-24T22:47:50","slug":"temas-convocatoria","status":"publish","type":"page","link":"https:\/\/ciie.itesm.mx\/es\/temas-2\/","title":{"rendered":"Temas"},"content":{"rendered":"<div class=\"wpb-content-wrapper\"><p>[vc_row][vc_column][vc_column_text]<\/p>\n<p><!--more--><\/p>\n<p>El responsable de presentar la contribuci\u00f3n al Comit\u00e9 Evaluador deber\u00e1 seleccionar alguna de las siguientes l\u00edneas tem\u00e1ticas para su trabajo:[\/vc_column_text][\/vc_column][\/vc_row][vc_row][vc_column width=&#8221;2\/3&#8243;][vc_column_text]<strong>Tendencias educativas<\/strong><\/p>\n<p>El mundo actual caracterizado por los cambios vertiginosos en la tecnolog\u00eda, la generaci\u00f3n constante de informaci\u00f3n que se distribuye en Internet a trav\u00e9s de textos y videos, la utilizaci\u00f3n de las redes sociales, as\u00ed como la globalizaci\u00f3n que acerca a culturas muy diversas en el mundo generan cambios en la educaci\u00f3n.<\/p>\n<ul>\n<li>Espacios innovadores para el aprendizaje<\/li>\n<li>Aula invertida<\/li>\n<li>Gamification<\/li>\n<li>Aprendizaje basado en competencias<\/li>\n<li>Aprendizaje h\u00edbrido<\/li>\n<li>Aprendizaje flexible y personalizado<\/li>\n<li>Aprendizaje vivencial<\/li>\n<li>Aprendizaje activo<\/li>\n<li>Aprendizaje basado en retos<\/li>\n<li>Conectivismo y Aprendizaje social<\/li>\n<li>Evaluaci\u00f3n constructiva del aprendizaje<\/li>\n<li>El nuevo curr\u00edculum<\/li>\n<li>Acceso abierto (pr\u00e1cticas, recursos, repositorios)<\/li>\n<li>Aprendizaje m\u00f3vil<\/li>\n<li>Multidisciplinariedad<\/li>\n<li>Movimiento \u201cmakers\u201d<\/li>\n<li>Otros<\/li>\n<\/ul>\n<p>[\/vc_column_text][\/vc_column][vc_column width=&#8221;1\/3&#8243;][vc_single_image image=&#8221;6072&#8243;][\/vc_column][\/vc_row][vc_row][vc_column width=&#8221;2\/3&#8243;][vc_column_text]<strong>Tecnolog\u00edas para la Educaci\u00f3n<\/strong><\/p>\n<p>El tema de Tecnolog\u00edas para la Educaci\u00f3n incorpora contenidos que reflejan las tendencias educativas actuales y emergentes. Entre dichas tem\u00e1ticas destacan:<\/p>\n<ul>\n<li>Aprendizaje adaptativo<\/li>\n<li>Aprendizaje ubicuo<\/li>\n<li>Realidad virtual<\/li>\n<li>Realidad aumentada<\/li>\n<li>MOOC<\/li>\n<li>Anal\u00edticas de aprendizaje<\/li>\n<li>Tecnolog\u00edas vestibles<\/li>\n<li>Tecnolog\u00edas emergentes<\/li>\n<li>Redes sociales de colaboraci\u00f3n<\/li>\n<li>Aprendizaje m\u00f3vil<\/li>\n<li>BYOD<\/li>\n<li>Otros<\/li>\n<\/ul>\n<p>[\/vc_column_text][\/vc_column][vc_column width=&#8221;1\/3&#8243;][vc_single_image image=&#8221;6071&#8243;][\/vc_column][\/vc_row][vc_row][vc_column width=&#8221;2\/3&#8243;][vc_column_text]<strong>Gesti\u00f3n de la Innovaci\u00f3n Educativa<\/strong><\/p>\n<p>La gesti\u00f3n de la innovaci\u00f3n educativa es un elemento fundamental para medir su avance, los beneficios que genera y gestionar los recursos econ\u00f3micos, tecnol\u00f3gicos, administrativos, as\u00ed como contar con el talento humano que desarrolla esta innovaci\u00f3n.<\/p>\n<ul>\n<li>Indicadores de innovaci\u00f3n educativa<\/li>\n<li>Nuevos modelos de instituciones educativas<\/li>\n<li>Transformaci\u00f3n de procesos<\/li>\n<li>Modelos de capacitaci\u00f3n y desarrollo<\/li>\n<li>Metodolog\u00edas para la innovaci\u00f3n<\/li>\n<li>Procesos de innovaci\u00f3n en las instituciones<\/li>\n<li>Retos del cambio y la complejidad actual<\/li>\n<li>Internacionalizaci\u00f3n<\/li>\n<li>Derechos de autor y propiedad intelectual<\/li>\n<li>Recursos para la innovaci\u00f3n<\/li>\n<li>Procesos para trabajar adicciones digitales y su prevenci\u00f3n<\/li>\n<li>Resiliencia personal\/acad\u00e9mica<\/li>\n<li>Abordaje del Bullying \/Cyberbullying<\/li>\n<li>Modelos de tutor\u00eda<\/li>\n<li>Otros<\/li>\n<\/ul>\n<p>[\/vc_column_text][\/vc_column][vc_column width=&#8221;1\/3&#8243;][vc_single_image image=&#8221;6076&#8243;][\/vc_column][\/vc_row][vc_row][vc_column width=&#8221;2\/3&#8243;][vc_column_text]<strong>Innovaci\u00f3n Acad\u00e9mica de la Salud<\/strong><\/p>\n<p>La tem\u00e1tica Innovaci\u00f3n Acad\u00e9mica en Salud en el marco del Congreso se enfoca en tres grandes vertientes: identificar las ventajas de la formaci\u00f3n integral a trav\u00e9s de comunidades de aprendizaje nacionales e internacionales, establecer lineamientos estrat\u00e9gicos para incorporar innovaciones durante su formaci\u00f3n, as\u00ed como reflexionar sobre los aciertos y brechas que ha otorgado la educaci\u00f3n de pregrado.<\/p>\n<ul>\n<li>Aprendizaje m\u00e9dico interdisciplinario<\/li>\n<li>Humanismo en Medicina<\/li>\n<li>Tecnolog\u00eda en educaci\u00f3n m\u00e9dica<\/li>\n<li>Aprendizaje centrado en el paciente<\/li>\n<li>Otros (casos cl\u00ednicos, aula invertida, herramientas para el desarrollo del juicio cl\u00ednico)<\/li>\n<\/ul>\n<p>&nbsp;<\/p>\n<p>[\/vc_column_text][\/vc_column][vc_column width=&#8221;1\/3&#8243;][vc_single_image image=&#8221;6075&#8243;][\/vc_column][\/vc_row][vc_row][vc_column width=&#8221;2\/3&#8243;][vc_column_text]<strong>Formaci\u00f3n a lo largo de la vida<br \/>\n<\/strong><\/p>\n<p>El entorno actual demanda de una actualizaci\u00f3n constante para ser competitivo en las diferentes industrias. Nuevas tendencias marcan la pauta para este tipo de aprendizaje a lo largo de la vida.<\/p>\n<ul>\n<li>Competencias y habilidades requeridas en el futuro<\/li>\n<li>Nuevas tendencias y modelos en educaci\u00f3n continua<\/li>\n<li>Impacto de nuevas tecnolog\u00edas en la educaci\u00f3n continua<\/li>\n<li>Credenciales alternativas<\/li>\n<li>Colaboraci\u00f3n industria &#8211; universidad<\/li>\n<li>Autoaprendizaje<\/li>\n<li>Implicaciones de la generaci\u00f3n digital en la educaci\u00f3n a lo largo de la vida<\/li>\n<\/ul>\n<p>&nbsp;<\/p>\n<p>[\/vc_column_text][\/vc_column][vc_column width=&#8221;1\/3&#8243;][vc_single_image image=&#8221;6073&#8243;][\/vc_column][\/vc_row][vc_row][vc_column width=&#8221;2\/3&#8243;][vc_column_text]<strong>Emprendimiento EdTech<br \/>\n<\/strong><\/p>\n<p>Conoce historias, casos de \u00e9xito y lecciones aprendidas en la implementaci\u00f3n, colaboraci\u00f3n y\/o co-creaci\u00f3n de soluciones en emprendimiento EdTech.<\/p>\n<ul>\n<li>Inversi\u00f3n y financiamiento<\/li>\n<li>Desarrollo de soluciones<\/li>\n<li>Liderazgo de equipos<\/li>\n<li>Validaci\u00f3n y prototipos<\/li>\n<li>Marketing y estrategia<\/li>\n<li>Programas para emprendedores<\/li>\n<li>Otro<\/li>\n<\/ul>\n<p>[\/vc_column_text][\/vc_column][vc_column width=&#8221;1\/3&#8243;][vc_single_image image=&#8221;6074&#8243;][\/vc_column][\/vc_row]<\/p>\n<\/div>","protected":false},"excerpt":{"rendered":"<p>[vc_row][vc_column][vc_column_text]<\/p>\n","protected":false},"author":1,"featured_media":0,"parent":0,"menu_order":0,"comment_status":"closed","ping_status":"closed","template":"fullwidth.php","meta":{"footnotes":""},"class_list":["post-1331","page","type-page","status-publish","hentry"],"yoast_head":"<!-- This site is optimized with the Yoast SEO plugin v27.4 - https:\/\/yoast.com\/product\/yoast-seo-wordpress\/ -->\n<title>Temas - IFE Conferece<\/title>\n<meta name=\"description\" content=\"IFE Conference, antes CIIE, del 28 al 30 de enero de 2025 en el Tecnol\u00f3gico de Monterrey, en Monterrey, M\u00e9xico\" \/>\n<meta name=\"robots\" content=\"index, follow, max-snippet:-1, max-image-preview:large, max-video-preview:-1\" \/>\n<link rel=\"canonical\" href=\"https:\/\/ciie.itesm.mx\/en\/about-the-topics-of-the-papers\/\" \/>\n<meta property=\"og:locale\" content=\"es_ES\" \/>\n<meta property=\"og:type\" content=\"article\" \/>\n<meta property=\"og:title\" content=\"Temas - IFE Conferece\" \/>\n<meta property=\"og:description\" content=\"IFE Conference, antes CIIE, del 28 al 30 de enero de 2025 en el Tecnol\u00f3gico de Monterrey, en Monterrey, M\u00e9xico\" \/>\n<meta property=\"og:url\" content=\"https:\/\/ciie.itesm.mx\/en\/about-the-topics-of-the-papers\/\" \/>\n<meta property=\"og:site_name\" content=\"IFE Conferece\" \/>\n<meta property=\"article:modified_time\" content=\"2021-03-24T22:47:50+00:00\" \/>\n<meta property=\"og:image\" content=\"https:\/\/ciie.itesm.mx\/wp-content\/uploads\/2023\/05\/ife-conference-social.png\" \/>\n\t<meta property=\"og:image:width\" content=\"480\" \/>\n\t<meta property=\"og:image:height\" content=\"480\" \/>\n\t<meta property=\"og:image:type\" content=\"image\/png\" \/>\n<meta name=\"twitter:card\" content=\"summary_large_image\" \/>\n<meta name=\"twitter:label1\" content=\"Tiempo de lectura\" \/>\n\t<meta name=\"twitter:data1\" content=\"2 minutos\" \/>\n<script type=\"application\/ld+json\" class=\"yoast-schema-graph\">{\"@context\":\"https:\\\/\\\/schema.org\",\"@graph\":[{\"@type\":\"WebPage\",\"@id\":\"https:\\\/\\\/ciie.itesm.mx\\\/en\\\/about-the-topics-of-the-papers\\\/\",\"url\":\"https:\\\/\\\/ciie.itesm.mx\\\/en\\\/about-the-topics-of-the-papers\\\/\",\"name\":\"Temas - IFE Conferece\",\"isPartOf\":{\"@id\":\"https:\\\/\\\/ciie.itesm.mx\\\/en\\\/#website\"},\"datePublished\":\"2015-07-17T23:12:59+00:00\",\"dateModified\":\"2021-03-24T22:47:50+00:00\",\"description\":\"IFE Conference, antes CIIE, del 28 al 30 de enero de 2025 en el Tecnol\u00f3gico de Monterrey, en Monterrey, M\u00e9xico\",\"breadcrumb\":{\"@id\":\"https:\\\/\\\/ciie.itesm.mx\\\/en\\\/about-the-topics-of-the-papers\\\/#breadcrumb\"},\"inLanguage\":\"es\",\"potentialAction\":[{\"@type\":\"ReadAction\",\"target\":[\"https:\\\/\\\/ciie.itesm.mx\\\/en\\\/about-the-topics-of-the-papers\\\/\"]}]},{\"@type\":\"BreadcrumbList\",\"@id\":\"https:\\\/\\\/ciie.itesm.mx\\\/en\\\/about-the-topics-of-the-papers\\\/#breadcrumb\",\"itemListElement\":[{\"@type\":\"ListItem\",\"position\":1,\"name\":\"Portada\",\"item\":\"https:\\\/\\\/ciie.itesm.mx\\\/es\\\/\"},{\"@type\":\"ListItem\",\"position\":2,\"name\":\"About the Topics of the Papers\"}]},{\"@type\":\"WebSite\",\"@id\":\"https:\\\/\\\/ciie.itesm.mx\\\/en\\\/#website\",\"url\":\"https:\\\/\\\/ciie.itesm.mx\\\/en\\\/\",\"name\":\"IFE Conference\",\"description\":\"IFE Conference, antes CIIE, del 28 al 30 de enero de 2025 en el Tecnol\u00f3gico de Monterrey, en Monterrey, M\u00e9xico\",\"potentialAction\":[{\"@type\":\"SearchAction\",\"target\":{\"@type\":\"EntryPoint\",\"urlTemplate\":\"https:\\\/\\\/ciie.itesm.mx\\\/en\\\/?s={search_term_string}\"},\"query-input\":{\"@type\":\"PropertyValueSpecification\",\"valueRequired\":true,\"valueName\":\"search_term_string\"}}],\"inLanguage\":\"es\"}]}<\/script>\n<!-- \/ Yoast SEO plugin. -->","yoast_head_json":{"title":"Temas - IFE Conferece","description":"IFE Conference, antes CIIE, del 28 al 30 de enero de 2025 en el Tecnol\u00f3gico de Monterrey, en Monterrey, M\u00e9xico","robots":{"index":"index","follow":"follow","max-snippet":"max-snippet:-1","max-image-preview":"max-image-preview:large","max-video-preview":"max-video-preview:-1"},"canonical":"https:\/\/ciie.itesm.mx\/en\/about-the-topics-of-the-papers\/","og_locale":"es_ES","og_type":"article","og_title":"Temas - IFE Conferece","og_description":"IFE Conference, antes CIIE, del 28 al 30 de enero de 2025 en el Tecnol\u00f3gico de Monterrey, en Monterrey, M\u00e9xico","og_url":"https:\/\/ciie.itesm.mx\/en\/about-the-topics-of-the-papers\/","og_site_name":"IFE Conferece","article_modified_time":"2021-03-24T22:47:50+00:00","og_image":[{"width":480,"height":480,"url":"https:\/\/ciie.itesm.mx\/wp-content\/uploads\/2023\/05\/ife-conference-social.png","type":"image\/png"}],"twitter_card":"summary_large_image","twitter_misc":{"Tiempo de lectura":"2 minutos"},"schema":{"@context":"https:\/\/schema.org","@graph":[{"@type":"WebPage","@id":"https:\/\/ciie.itesm.mx\/en\/about-the-topics-of-the-papers\/","url":"https:\/\/ciie.itesm.mx\/en\/about-the-topics-of-the-papers\/","name":"Temas - IFE Conferece","isPartOf":{"@id":"https:\/\/ciie.itesm.mx\/en\/#website"},"datePublished":"2015-07-17T23:12:59+00:00","dateModified":"2021-03-24T22:47:50+00:00","description":"IFE Conference, antes CIIE, del 28 al 30 de enero de 2025 en el Tecnol\u00f3gico de Monterrey, en Monterrey, M\u00e9xico","breadcrumb":{"@id":"https:\/\/ciie.itesm.mx\/en\/about-the-topics-of-the-papers\/#breadcrumb"},"inLanguage":"es","potentialAction":[{"@type":"ReadAction","target":["https:\/\/ciie.itesm.mx\/en\/about-the-topics-of-the-papers\/"]}]},{"@type":"BreadcrumbList","@id":"https:\/\/ciie.itesm.mx\/en\/about-the-topics-of-the-papers\/#breadcrumb","itemListElement":[{"@type":"ListItem","position":1,"name":"Portada","item":"https:\/\/ciie.itesm.mx\/es\/"},{"@type":"ListItem","position":2,"name":"About the Topics of the Papers"}]},{"@type":"WebSite","@id":"https:\/\/ciie.itesm.mx\/en\/#website","url":"https:\/\/ciie.itesm.mx\/en\/","name":"IFE Conference","description":"IFE Conference, antes CIIE, del 28 al 30 de enero de 2025 en el Tecnol\u00f3gico de Monterrey, en Monterrey, M\u00e9xico","potentialAction":[{"@type":"SearchAction","target":{"@type":"EntryPoint","urlTemplate":"https:\/\/ciie.itesm.mx\/en\/?s={search_term_string}"},"query-input":{"@type":"PropertyValueSpecification","valueRequired":true,"valueName":"search_term_string"}}],"inLanguage":"es"}]}},"_links":{"self":[{"href":"https:\/\/ciie.itesm.mx\/es\/wp-json\/wp\/v2\/pages\/1331","targetHints":{"allow":["GET"]}}],"collection":[{"href":"https:\/\/ciie.itesm.mx\/es\/wp-json\/wp\/v2\/pages"}],"about":[{"href":"https:\/\/ciie.itesm.mx\/es\/wp-json\/wp\/v2\/types\/page"}],"author":[{"embeddable":true,"href":"https:\/\/ciie.itesm.mx\/es\/wp-json\/wp\/v2\/users\/1"}],"replies":[{"embeddable":true,"href":"https:\/\/ciie.itesm.mx\/es\/wp-json\/wp\/v2\/comments?post=1331"}],"version-history":[{"count":2,"href":"https:\/\/ciie.itesm.mx\/es\/wp-json\/wp\/v2\/pages\/1331\/revisions"}],"predecessor-version":[{"id":8930,"href":"https:\/\/ciie.itesm.mx\/es\/wp-json\/wp\/v2\/pages\/1331\/revisions\/8930"}],"wp:attachment":[{"href":"https:\/\/ciie.itesm.mx\/es\/wp-json\/wp\/v2\/media?parent=1331"}],"curies":[{"name":"wp","href":"https:\/\/api.w.org\/{rel}","templated":true}]}}