{"id":2912,"date":"2015-11-27T23:20:51","date_gmt":"2015-11-27T23:20:51","guid":{"rendered":"http:\/\/475.649.myftpupload.com\/es\/?page_id=2912"},"modified":"2015-12-01T14:27:51","modified_gmt":"2015-12-01T14:27:51","slug":"sesiones-paralelas-12","status":"publish","type":"page","link":"https:\/\/ciie.itesm.mx\/es\/sesiones-paralelas-12\/","title":{"rendered":"Sesiones Paralelas 12"},"content":{"rendered":"<div class=\"wpb-content-wrapper\"><p>[vc_row full_width=&#8221;&#8221; section_id=&#8221;&#8221; container=&#8221;1&#8243; parallax_bg=&#8221;0&#8243; stellar_background_ratio=&#8221;0.6&#8243;][vc_column width=&#8221;1\/1&#8243;][vc_column_text]<\/p>\n<p><!--more--><\/p>\n<div class=\"col-md-10\">\n<ul id=\"tabs\" class=\"nav nav-tabs\" data-tabs=\"tabs\">\n<li class=\"active\"><a class=\"btn btn-danger btn-lg\" href=\"#red\" data-toggle=\"tab\"><strong>Tendencias<\/strong><\/a><\/li>\n<li><a class=\"btn btn-danger btn-lg\" href=\"#orange\" data-toggle=\"tab\"><strong>Tecnolog\u00edas<\/strong><\/a><\/li>\n<li><a class=\"btn btn-danger btn-lg\" href=\"#yellow\" data-toggle=\"tab\"><strong>Gesti\u00f3n<\/strong><\/a><\/li>\n<li><a class=\"btn btn-danger btn-lg\" href=\"#green\" data-toggle=\"tab\"><strong>Salud<\/strong><\/a><\/li>\n<\/ul>\n<div id=\"my-tab-content\" class=\"tab-content\">\n<div id=\"red\" class=\"tab-pane active\">\n<h3><strong>Tendencias Educativas<\/strong><\/h3>\n<table class=\"table table-bordered table-hover\" width=\"30%\" cellspacing=\"9\" cellpadding=\"9\">\n<tbody>\n<tr>\n<td align=\"center\" width=\"5%\"><strong>Hora<\/strong><\/td>\n<td width=\"40%\"><strong>T\u00edtulo<\/strong><\/td>\n<td width=\"25%\"><strong>Ponentes<\/strong><\/td>\n<td width=\"25%\"><strong>Instituci\u00f3n<\/strong><\/td>\n<td width=\"10%\"><strong>Sal\u00f3n<\/strong><\/td>\n<\/tr>\n<tr>\n<td valign=\"top\"><strong>12:00<\/strong><\/td>\n<td width=\"40%\" valign=\"top\">Formaci\u00f3n    B\u00e1sica Adaptativa en Introducci\u00f3n a las Matem\u00e1ticas<\/td>\n<td width=\"262\" valign=\"top\">Cecilia    Ram\u00edrez Figueroa<\/td>\n<td width=\"230\" valign=\"top\">Tecnol\u00f3gico    de Monterrey, M\u00e9xico<\/td>\n<td width=\"10%\" valign=\"top\">3301<\/td>\n<\/tr>\n<tr>\n<td valign=\"top\"><strong>12:15<\/strong><\/td>\n<td width=\"40%\" valign=\"top\">Aprendiendo    Programaci\u00f3n en Ingenier\u00eda: Un Enfoque con Impacto en la Motivaci\u00f3n<\/td>\n<td width=\"262\" valign=\"top\">Eduardo Daniel Ju\u00e1rez Pineda<br \/>\n        Benjam\u00edn Vald\u00e9s Aguirre<br \/>\n        Ricardo Cort\u00e9s Espinoza<\/td>\n<td width=\"230\" valign=\"top\">Tecnol\u00f3gico de Monterrey, M\u00e9xico<\/td>\n<td width=\"10%\" valign=\"top\">3301<\/td>\n<\/tr>\n<tr>\n<td valign=\"top\"><strong>12:30<\/strong><\/td>\n<td width=\"40%\" valign=\"top\">Del    Flipped Classroom al Flipped Learning<\/td>\n<td width=\"262\" valign=\"top\">Antonieta Reyna Mart\u00ednez T\u00e9llez<\/td>\n<td width=\"230\" valign=\"top\">Tecnol\u00f3gico de Monterrey, M\u00e9xico<\/td>\n<td width=\"10%\" valign=\"top\">3301<\/td>\n<\/tr>\n<tr>\n<td valign=\"top\"><strong>12:00<\/strong><\/td>\n<td width=\"40%\" valign=\"top\">La    gesti\u00f3n del aprendizaje en la modalidad b-learning vs. la modalidad    presencial<\/td>\n<td valign=\"top\">Mar\u00eda del    Carmen Esparza Moguel<\/td>\n<td width=\"230\" valign=\"top\">Tecnol\u00f3gico de Monterrey, M\u00e9xico<\/td>\n<td width=\"10%\" valign=\"top\">3302<\/td>\n<\/tr>\n<tr>\n<td valign=\"top\"><strong>12:15<\/strong><\/td>\n<td valign=\"top\">Medicina para la    Generaci\u00f3n Y<\/td>\n<td valign=\"top\">Misael    Caballero Sandoval<br \/>\n        Gustavo Alonso Soria Moreno<br \/>\n        Ezequiel Garc\u00eda B\u00e9jar<\/td>\n<td width=\"230\" valign=\"top\">Tecnol\u00f3gico de Monterrey, M\u00e9xico<\/td>\n<td width=\"10%\" valign=\"top\">3302<\/td>\n<\/tr>\n<tr>\n<td valign=\"top\"><strong>12:30<\/strong><\/td>\n<td valign=\"top\">Matem\u00e1ticas Flexible<\/td>\n<td valign=\"top\">Mar\u00eda    Guadalupe Lomel\u00ed Plascencia<br \/>\n        Jes\u00fas Cuauht\u00e9moc Ruvalcaba Alvarez<br \/>\n        Jos\u00e9 Antonio Renter\u00eda Salcedo<\/td>\n<td width=\"230\" valign=\"top\">Tecnol\u00f3gico de Monterrey, M\u00e9xico<\/td>\n<td width=\"10%\" valign=\"top\">3302<\/td>\n<\/tr>\n<tr>\n<td valign=\"top\"><strong>12:00<\/strong><\/td>\n<td width=\"40%\" valign=\"top\">Ajedrez    para el desarrollo del pensamiento cr\u00edtico en la escuela primaria<\/td>\n<td valign=\"top\">Sa\u00fal Gerardo    Trevi\u00f1o Guerrero<br \/>\n        Sara Tapia Vallejo<br \/>\n        Silvia Lizett Olivares Olivares<\/td>\n<td width=\"230\" valign=\"top\">Tecnol\u00f3gico de Monterrey, M\u00e9xico<\/td>\n<td valign=\"top\">3303<\/td>\n<\/tr>\n<tr>\n<td valign=\"top\"><strong>12:15<\/strong><\/td>\n<td width=\"40%\" valign=\"top\">Estudio    comparativo de sistemas de tareas online para curso de Qu\u00edmica:Chemistry-web    based assignmen<\/td>\n<td valign=\"top\">Luz Mar\u00eda    Mart\u00ednez<br \/>\n        Luz Mar\u00eda Guti\u00e9rrez<br \/>\n        Jorge Cruz<\/td>\n<td width=\"230\" valign=\"top\">Tecnol\u00f3gico de Monterrey, M\u00e9xico<\/td>\n<td valign=\"top\">3303<\/td>\n<\/tr>\n<tr>\n<td valign=\"top\"><strong>12:30<\/strong><\/td>\n<td width=\"40%\" valign=\"top\">Aprendizaje    Activo y su efecto en las actitudes hacia las Matem\u00e1ticas<\/td>\n<td valign=\"top\">Elvira G.    Rinc\u00f3n Flores <br \/>\n        Dora Elia Cienfuegos Zurita <br \/>\n        Olivia Carrillo Gamboa <br \/>\n        Delia Galv\u00e1n S\u00e1nchez <br \/>\n        Luz Fabela Rodriguez\u00a0<\/td>\n<td width=\"230\" valign=\"top\">Tecnol\u00f3gico de Monterrey, M\u00e9xico<\/td>\n<td valign=\"top\">3303<\/td>\n<\/tr>\n<tr>\n<td valign=\"top\"><strong>12:00<\/strong><\/td>\n<td width=\"40%\" valign=\"top\">Innovaci\u00f3n    en el aprendizaje de la Inform\u00e1tica Biom\u00e9dica en estudiantes de Medicina<\/td>\n<td valign=\"top\">Florina    Gatica Lara<br \/>\n        David Lim\u00f3n Cruz <br \/>\n        Fabi\u00e1n Fern\u00e1ndez Zald\u00edvar<br \/>\n        Tom\u00e1s Garc\u00eda Gonz\u00e1lez<\/td>\n<td width=\"230\" valign=\"top\">UNAM, M\u00e9xico<\/td>\n<td valign=\"top\">3304<\/td>\n<\/tr>\n<tr>\n<td valign=\"top\"><strong>12:15<\/strong><\/td>\n<td width=\"40%\" valign=\"top\">Laboratorio    de Procesado de Cereales: Llevando el Proyecto Fuera de Clase<\/td>\n<td valign=\"top\">Esther P\u00e9rez    Carrillo<br \/>\n        Sara Guajardo Flores<\/td>\n<td width=\"230\" valign=\"top\">Tecnol\u00f3gico de Monterrey, M\u00e9xico<\/td>\n<td valign=\"top\">3304<\/td>\n<\/tr>\n<\/tbody>\n<\/table>\n<\/div>\n<div id=\"orange\" class=\"tab-pane\">\n<h3><strong>Tecnolog\u00edas para la Educaci\u00f3n<\/strong><\/h3>\n<table class=\"table table-bordered table-hover\" width=\"30%\" cellspacing=\"9\" cellpadding=\"9\">\n<tbody>\n<tr>\n<td align=\"center\" width=\"5%\"><strong>Hora<\/strong><\/td>\n<td width=\"40%\"><strong>T\u00edtulo<\/strong><\/td>\n<td width=\"25%\"><strong>Ponentes<\/strong><\/td>\n<td width=\"25%\"><strong>Instituci\u00f3n<\/strong><\/td>\n<td width=\"10%\"><strong>Sal\u00f3n<\/strong><\/td>\n<\/tr>\n<tr>\n<td width=\"5%\" valign=\"top\"><strong>12:00<\/strong><\/td>\n<td width=\"40%\" valign=\"top\">NFC la    nueva tecnolog\u00eda para la educaci\u00f3n Universitaria<\/td>\n<td width=\"472\" valign=\"top\">Jorge    Anibal Quishpe Armas, Maura Germania Revelo Villarreal, Sergio Camacho Le\u00f3n<\/td>\n<td width=\"101\" valign=\"top\">Tecnol\u00f3gico    de Monterrey, Campus Monterrey<\/td>\n<td width=\"101\" align=\"right\" valign=\"top\">3105<\/td>\n<\/tr>\n<tr>\n<td valign=\"top\"><strong>12:15<\/strong><\/td>\n<td width=\"40%\" valign=\"top\">Validaci\u00f3n de instrumento para determinar Habilidades de Autorregulaci\u00f3n de    los Alumnos<\/td>\n<td width=\"472\" valign=\"top\">Luis Jaime Neri Vitela, Juana Julieta Noguez Monroy, Gerardo    Javier Alanis Funes<\/td>\n<td width=\"101\" valign=\"top\">Tecnol\u00f3gico de Monterrey, Campus Ciudad de M\u00e9xico<\/td>\n<td width=\"101\" align=\"right\" valign=\"top\">3105<\/td>\n<\/tr>\n<tr>\n<td valign=\"top\"><strong>12:30<\/strong><\/td>\n<td width=\"40%\" valign=\"top\">C\u00f3mo usar Facebook a favor de la educaci\u00f3n<\/td>\n<td width=\"472\" valign=\"top\">Luis Miguel \u00c1ngel Cano Padilla<\/td>\n<td width=\"101\" valign=\"top\">Universidad Nacional Aut\u00f3noma de M\u00e9xico<\/td>\n<td width=\"101\" align=\"right\" valign=\"top\">3105<\/td>\n<\/tr>\n<\/tbody>\n<\/table>\n<\/div>\n<div id=\"yellow\" class=\"tab-pane\">\n<h3><strong>Gesti\u00f3n de la Innovaci\u00f3n Educativa<\/strong><\/h3>\n<table class=\"table table-bordered table-hover\" width=\"30%\" cellspacing=\"9\" cellpadding=\"9\">\n<tbody>\n<tr>\n<td align=\"center\" width=\"5%\"><strong>Hora<\/strong><\/td>\n<td width=\"40%\"><strong>T\u00edtulo<\/strong><\/td>\n<td width=\"25%\"><strong>Ponentes<\/strong><\/td>\n<td width=\"25%\"><strong>Instituci\u00f3n<\/strong><\/td>\n<td width=\"10%\"><strong>Sal\u00f3n<\/strong><\/td>\n<\/tr>\n<tr>\n<td width=\"5%\" valign=\"top\"><strong>12:00<\/strong><\/td>\n<td width=\"40%\" valign=\"top\">Implementaci\u00f3n    de una pol\u00edtica para el uso de TIC como apoyo a los procesos formativos de    una Universidad. Caso de una instituci\u00f3n p\u00fablica en Colombia.<\/td>\n<td width=\"250\" valign=\"top\">&#8211;    Adriana Roc\u00edo Lizcano Dallos<br \/>\n        &#8211; Jorge Iv\u00e1n Torres Camacho<br \/>\n        &#8211; Mar\u00eda del Pilar D\u00edaz Jaimes<\/td>\n<td width=\"277\" valign=\"top\">Universidad    Industrial de Santander, Colombia<\/td>\n<td width=\"123\" valign=\"top\">3202<\/td>\n<\/tr>\n<tr>\n<td valign=\"top\"><strong>12:15<\/strong><\/td>\n<td width=\"40%\" valign=\"top\">Cambio    Educativo y Aprendizaje Organizacional en una Instituci\u00f3n de Educaci\u00f3n    T\u00e9cnica Laboral<\/td>\n<td width=\"250\" valign=\"top\">&#8211; Elfa Patricia Ram\u00edrez Colmenares<br \/>\n        &#8211; Lorena de los \u00c1ngeles Salinas Novoa<br \/>\n        &#8211; Edgar Iv\u00e1n Hern\u00e1ndez Romero<\/td>\n<td width=\"277\" valign=\"top\">Instituto Tecnol\u00f3gico de Monterrey<\/td>\n<td width=\"123\" valign=\"top\">3202<\/td>\n<\/tr>\n<tr>\n<td valign=\"top\"><strong>12:30<\/strong><\/td>\n<td width=\"40%\" valign=\"top\">Modelo    de transversalizaci\u00f3n de la innovaci\u00f3n en la educaci\u00f3n superior<\/td>\n<td width=\"250\" valign=\"top\">&#8211; Alexandro Escudero Nah\u00f3n<\/td>\n<td width=\"277\" valign=\"top\">Universidad Aut\u00f3noma de Quer\u00e9taro<\/td>\n<td width=\"123\" valign=\"top\">3202<\/td>\n<\/tr>\n<\/tbody>\n<\/table>\n<\/div>\n<div id=\"green\" class=\"tab-pane\">\n<h3><strong>Innovaci\u00f3n Acad\u00e9mica de la Salud<\/strong><\/h3>\n<table class=\"table table-bordered table-hover\" width=\"30%\" cellspacing=\"9\" cellpadding=\"9\">\n<tbody>\n<tr>\n<td align=\"center\" width=\"5%\"><strong>Hora<\/strong><\/td>\n<td width=\"40%\"><strong>T\u00edtulo<\/strong><\/td>\n<td width=\"25%\"><strong>Ponentes<\/strong><\/td>\n<td width=\"25%\"><strong>Instituci\u00f3n<\/strong><\/td>\n<td width=\"10%\"><strong>Sal\u00f3n<\/strong><\/td>\n<\/tr>\n<tr>\n<td valign=\"top\">&nbsp;<\/td>\n<td valign=\"top\">&nbsp;<\/td>\n<td width=\"25%\" valign=\"top\">&nbsp;<\/td>\n<td valign=\"top\">&nbsp;<\/td>\n<td valign=\"top\">&nbsp;<\/td>\n<\/tr>\n<\/tbody>\n<\/table>\n<\/div>\n<\/div>\n<\/div>\n<p><script type=\"text\/javascript\">\/\/ <![CDATA[\njQuery(document).ready(function ($) { $('#tabs').tab(); });\n\/\/ ]]><\/script><\/p>\n<p><!-- container --><\/p>\n<\/div>","protected":false},"excerpt":{"rendered":"<p>[vc_row full_width=&#8221;&#8221; section_id=&#8221;&#8221; container=&#8221;1&#8243; parallax_bg=&#8221;0&#8243; stellar_background_ratio=&#8221;0.6&#8243;][vc_column width=&#8221;1\/1&#8243;][vc_column_text]<\/p>\n","protected":false},"author":1,"featured_media":0,"parent":0,"menu_order":0,"comment_status":"closed","ping_status":"closed","template":"fullwidth.php","meta":{"footnotes":""},"class_list":["post-2912","page","type-page","status-publish","hentry"],"yoast_head":"<!-- This site is optimized with the Yoast SEO plugin v27.4 - https:\/\/yoast.com\/product\/yoast-seo-wordpress\/ -->\n<title>Sesiones Paralelas 12 - IFE Conferece<\/title>\n<meta name=\"description\" content=\"IFE Conference, antes CIIE, del 28 al 30 de enero de 2025 en el Tecnol\u00f3gico de Monterrey, en Monterrey, M\u00e9xico\" \/>\n<meta name=\"robots\" content=\"index, follow, max-snippet:-1, max-image-preview:large, max-video-preview:-1\" \/>\n<link rel=\"canonical\" href=\"https:\/\/ciie.itesm.mx\/es\/sesiones-paralelas-12\/\" \/>\n<meta property=\"og:locale\" content=\"es_ES\" \/>\n<meta property=\"og:type\" content=\"article\" \/>\n<meta property=\"og:title\" content=\"Sesiones Paralelas 12 - IFE Conferece\" \/>\n<meta property=\"og:description\" content=\"IFE Conference, antes CIIE, del 28 al 30 de enero de 2025 en el Tecnol\u00f3gico de Monterrey, en Monterrey, M\u00e9xico\" \/>\n<meta property=\"og:url\" content=\"https:\/\/ciie.itesm.mx\/es\/sesiones-paralelas-12\/\" \/>\n<meta property=\"og:site_name\" content=\"IFE Conferece\" \/>\n<meta property=\"article:modified_time\" content=\"2015-12-01T14:27:51+00:00\" \/>\n<meta property=\"og:image\" content=\"https:\/\/ciie.itesm.mx\/wp-content\/uploads\/2023\/05\/ife-conference-social.png\" \/>\n\t<meta property=\"og:image:width\" content=\"480\" \/>\n\t<meta property=\"og:image:height\" content=\"480\" \/>\n\t<meta property=\"og:image:type\" content=\"image\/png\" \/>\n<meta name=\"twitter:card\" content=\"summary_large_image\" \/>\n<meta name=\"twitter:label1\" content=\"Tiempo de lectura\" \/>\n\t<meta name=\"twitter:data1\" content=\"3 minutos\" \/>\n<script type=\"application\/ld+json\" class=\"yoast-schema-graph\">{\"@context\":\"https:\\\/\\\/schema.org\",\"@graph\":[{\"@type\":\"WebPage\",\"@id\":\"https:\\\/\\\/ciie.itesm.mx\\\/es\\\/sesiones-paralelas-12\\\/\",\"url\":\"https:\\\/\\\/ciie.itesm.mx\\\/es\\\/sesiones-paralelas-12\\\/\",\"name\":\"Sesiones Paralelas 12 - IFE Conferece\",\"isPartOf\":{\"@id\":\"https:\\\/\\\/ciie.itesm.mx\\\/en\\\/#website\"},\"datePublished\":\"2015-11-27T23:20:51+00:00\",\"dateModified\":\"2015-12-01T14:27:51+00:00\",\"description\":\"IFE Conference, antes CIIE, del 28 al 30 de enero de 2025 en el Tecnol\u00f3gico de Monterrey, en Monterrey, M\u00e9xico\",\"breadcrumb\":{\"@id\":\"https:\\\/\\\/ciie.itesm.mx\\\/es\\\/sesiones-paralelas-12\\\/#breadcrumb\"},\"inLanguage\":\"es\",\"potentialAction\":[{\"@type\":\"ReadAction\",\"target\":[\"https:\\\/\\\/ciie.itesm.mx\\\/es\\\/sesiones-paralelas-12\\\/\"]}]},{\"@type\":\"BreadcrumbList\",\"@id\":\"https:\\\/\\\/ciie.itesm.mx\\\/es\\\/sesiones-paralelas-12\\\/#breadcrumb\",\"itemListElement\":[{\"@type\":\"ListItem\",\"position\":1,\"name\":\"Portada\",\"item\":\"https:\\\/\\\/ciie.itesm.mx\\\/es\\\/\"},{\"@type\":\"ListItem\",\"position\":2,\"name\":\"Sesiones Paralelas 12\"}]},{\"@type\":\"WebSite\",\"@id\":\"https:\\\/\\\/ciie.itesm.mx\\\/en\\\/#website\",\"url\":\"https:\\\/\\\/ciie.itesm.mx\\\/en\\\/\",\"name\":\"IFE Conference\",\"description\":\"IFE Conference, antes CIIE, del 28 al 30 de enero de 2025 en el Tecnol\u00f3gico de Monterrey, en Monterrey, M\u00e9xico\",\"potentialAction\":[{\"@type\":\"SearchAction\",\"target\":{\"@type\":\"EntryPoint\",\"urlTemplate\":\"https:\\\/\\\/ciie.itesm.mx\\\/en\\\/?s={search_term_string}\"},\"query-input\":{\"@type\":\"PropertyValueSpecification\",\"valueRequired\":true,\"valueName\":\"search_term_string\"}}],\"inLanguage\":\"es\"}]}<\/script>\n<!-- \/ Yoast SEO plugin. -->","yoast_head_json":{"title":"Sesiones Paralelas 12 - IFE Conferece","description":"IFE Conference, antes CIIE, del 28 al 30 de enero de 2025 en el Tecnol\u00f3gico de Monterrey, en Monterrey, M\u00e9xico","robots":{"index":"index","follow":"follow","max-snippet":"max-snippet:-1","max-image-preview":"max-image-preview:large","max-video-preview":"max-video-preview:-1"},"canonical":"https:\/\/ciie.itesm.mx\/es\/sesiones-paralelas-12\/","og_locale":"es_ES","og_type":"article","og_title":"Sesiones Paralelas 12 - IFE Conferece","og_description":"IFE Conference, antes CIIE, del 28 al 30 de enero de 2025 en el Tecnol\u00f3gico de Monterrey, en Monterrey, M\u00e9xico","og_url":"https:\/\/ciie.itesm.mx\/es\/sesiones-paralelas-12\/","og_site_name":"IFE Conferece","article_modified_time":"2015-12-01T14:27:51+00:00","og_image":[{"width":480,"height":480,"url":"https:\/\/ciie.itesm.mx\/wp-content\/uploads\/2023\/05\/ife-conference-social.png","type":"image\/png"}],"twitter_card":"summary_large_image","twitter_misc":{"Tiempo de lectura":"3 minutos"},"schema":{"@context":"https:\/\/schema.org","@graph":[{"@type":"WebPage","@id":"https:\/\/ciie.itesm.mx\/es\/sesiones-paralelas-12\/","url":"https:\/\/ciie.itesm.mx\/es\/sesiones-paralelas-12\/","name":"Sesiones Paralelas 12 - IFE Conferece","isPartOf":{"@id":"https:\/\/ciie.itesm.mx\/en\/#website"},"datePublished":"2015-11-27T23:20:51+00:00","dateModified":"2015-12-01T14:27:51+00:00","description":"IFE Conference, antes CIIE, del 28 al 30 de enero de 2025 en el Tecnol\u00f3gico de Monterrey, en Monterrey, M\u00e9xico","breadcrumb":{"@id":"https:\/\/ciie.itesm.mx\/es\/sesiones-paralelas-12\/#breadcrumb"},"inLanguage":"es","potentialAction":[{"@type":"ReadAction","target":["https:\/\/ciie.itesm.mx\/es\/sesiones-paralelas-12\/"]}]},{"@type":"BreadcrumbList","@id":"https:\/\/ciie.itesm.mx\/es\/sesiones-paralelas-12\/#breadcrumb","itemListElement":[{"@type":"ListItem","position":1,"name":"Portada","item":"https:\/\/ciie.itesm.mx\/es\/"},{"@type":"ListItem","position":2,"name":"Sesiones Paralelas 12"}]},{"@type":"WebSite","@id":"https:\/\/ciie.itesm.mx\/en\/#website","url":"https:\/\/ciie.itesm.mx\/en\/","name":"IFE Conference","description":"IFE Conference, antes CIIE, del 28 al 30 de enero de 2025 en el Tecnol\u00f3gico de Monterrey, en Monterrey, M\u00e9xico","potentialAction":[{"@type":"SearchAction","target":{"@type":"EntryPoint","urlTemplate":"https:\/\/ciie.itesm.mx\/en\/?s={search_term_string}"},"query-input":{"@type":"PropertyValueSpecification","valueRequired":true,"valueName":"search_term_string"}}],"inLanguage":"es"}]}},"_links":{"self":[{"href":"https:\/\/ciie.itesm.mx\/es\/wp-json\/wp\/v2\/pages\/2912","targetHints":{"allow":["GET"]}}],"collection":[{"href":"https:\/\/ciie.itesm.mx\/es\/wp-json\/wp\/v2\/pages"}],"about":[{"href":"https:\/\/ciie.itesm.mx\/es\/wp-json\/wp\/v2\/types\/page"}],"author":[{"embeddable":true,"href":"https:\/\/ciie.itesm.mx\/es\/wp-json\/wp\/v2\/users\/1"}],"replies":[{"embeddable":true,"href":"https:\/\/ciie.itesm.mx\/es\/wp-json\/wp\/v2\/comments?post=2912"}],"version-history":[{"count":0,"href":"https:\/\/ciie.itesm.mx\/es\/wp-json\/wp\/v2\/pages\/2912\/revisions"}],"wp:attachment":[{"href":"https:\/\/ciie.itesm.mx\/es\/wp-json\/wp\/v2\/media?parent=2912"}],"curies":[{"name":"wp","href":"https:\/\/api.w.org\/{rel}","templated":true}]}}