{"id":8919,"date":"2021-03-24T16:41:09","date_gmt":"2021-03-24T16:41:09","guid":{"rendered":"https:\/\/ciie.itesm.mx\/es\/?page_id=8919"},"modified":"2022-02-06T06:52:41","modified_gmt":"2022-02-06T06:52:41","slug":"tipos-de-contribuciones-3","status":"publish","type":"page","link":"https:\/\/ciie.itesm.mx\/es\/tipos-de-contribuciones-2\/","title":{"rendered":"Contenidos y caracter\u00edsticas de las contribuciones en Emprendimiento EdTech"},"content":{"rendered":"<div class=\"wpb-content-wrapper\"><p>[vc_row full_width=&#8221;stretch_row_content&#8221;][vc_column][vc_column_text]<!--more--><\/p>\n<p><strong>El 9\u00ba Congreso Internacional de Innovaci\u00f3n Educativa del Tecnol\u00f3gico de Monterrey<\/strong> acepta los siguientes tipos de contribuci\u00f3n para la l\u00ednea tem\u00e1tica en Emprendimiento EdTech:<\/p>\n<ol>\n<li>Panel Emprendimiento Edtech<\/li>\n<li>Mesa de networking Emprendimiento Edtech<\/li>\n<li>Conferencia Emprendimiento Edtech<\/li>\n<\/ol>\n<p>&nbsp;<\/p>\n<hr \/>\n<h4><\/h4>\n<h4><\/h4>\n<p><span style=\"color: #ff0000;\"><b>1. Panel en Emprendimiento EdTech<\/b><\/span><\/p>\n<p>Analiza una tem\u00e1tica educativa desde las perspectivas de diversos panelistas que contribuyen a la comprensi\u00f3n de un fen\u00f3meno de innovaci\u00f3n educativa.<\/p>\n<p><strong>Las propuestas del panel deben incluir:<\/strong><\/p>\n<ul>\n<li><strong>Nombre del panel<\/strong> en ingl\u00e9s y en espa\u00f1ol<\/li>\n<li><strong>Nombre completo del panelista<\/strong><\/li>\n<li><strong>Nombre de la instituci\u00f3n<\/strong><\/li>\n<li><strong>Pa\u00eds<\/strong><\/li>\n<li><strong>Correo electr\u00f3nico<\/strong><\/li>\n<li><strong>Breve descripci\u00f3n de la trayectoria <\/strong><\/li>\n<li><strong>La informaci\u00f3n anterior debe de ser incluida para cada panelista y el coordinador, deben de ser entre 3 y 5 participantes, incluyendo el coordinador<\/strong><\/li>\n<li><strong>Panelistas<\/strong> (de tres a cinco, en el n\u00famero se incluye al coordinador pero ya no se lista aqu\u00ed)<\/li>\n<li><strong>Resumen del panel<\/strong> (m\u00e1ximo 250 palabras, Letra Arial 10. Espacio y medio) en espa\u00f1ol e ingl\u00e9s.<\/li>\n<li><strong>Palabras clave:<\/strong> m\u00e1ximo cuatro en espa\u00f1ol e ingl\u00e9s.<\/li>\n<li><strong>Objetivos<\/strong>. De dos a tres objetivos. 200 palabras m\u00e1ximo. Letra Arial 10. Espacio y medio.<\/li>\n<li><strong>Contribuciones y tem\u00e1ticas que se van a abordar<\/strong>. 250 palabras m\u00e1ximo. Letra Arial 10. Espacio y medio<\/li>\n<li>Una <strong>imagen<\/strong> de elaboraci\u00f3n propia relacionada con el tema del panel que se utilizar\u00e1 en la promoci\u00f3n del mismo.<\/li>\n<li><strong>Sector al que pertenece la startup (elegir solo 1): <\/strong>Pre-K, K-12, Higher Education o Workforce<\/li>\n<li><strong>Breve descripci\u00f3n del organismo que representa<\/strong><\/li>\n<li><strong>Direcci\u00f3n del Organismo<\/strong><\/li>\n<li><strong>Director General<\/strong><\/li>\n<li><strong>Tel\u00e9fono de la empresa<\/strong><\/li>\n<li><strong>P\u00e1gina Web <\/strong>(En caso de contar con una)<\/li>\n<li><strong>Redes sociales de la empresa <\/strong>(En caso de contar con una)<\/li>\n<\/ul>\n<p>Los interesados en participar en el Congreso coordinando un panel deber\u00e1n proponerlo mediante el llenado de este <a href=\"https:\/\/drive.google.com\/file\/d\/1go8km2QbzZUB6aSRdYY4fkgkuVwSccl2\/view\" target=\"_blank\" rel=\"noopener\">formato<\/a>.<\/p>\n<div class=\"row\">\n<div class=\"col-md-2 btn-espaciado\"><a class=\"btn btn-theme\" href=\"https:\/\/drive.google.com\/file\/d\/1go8km2QbzZUB6aSRdYY4fkgkuVwSccl2\/view\" target=\"_blank\" rel=\"noopener noreferrer\">Formato<\/a><\/div>\n<\/div>\n<p>&nbsp;<\/p>\n<p><strong>Alerta<\/strong>. Se informa que se dar\u00e1n de baja las contribuciones recibidas que no siguen los lineamientos que se marcan en el formato establecido para el registro de contribuciones. Les agradecemos seguir fielmente las indicaciones de cada formato.<\/p>\n<p><strong>Duraci\u00f3n del panel: <\/strong>45 minutos<\/p>\n<p><strong>Mec\u00e1nica del panel: <\/strong>Presentaciones de 7 minutos m\u00e1ximo de cada panelista, discusi\u00f3n de los panelistas y participaci\u00f3n del p\u00fablico.<\/p>\n<h4><\/h4>\n<p>&nbsp;<\/p>\n<hr \/>\n<h4><\/h4>\n<h4><\/h4>\n<p><span style=\"color: #ff0000;\"><b>2. Mesas de networking en Emprendimiento EdTech<\/b><\/span><\/p>\n<p>Este formato ofrece alta interacci\u00f3n de los participantes organizados en grupos informales que comparten intereses similares acerca del tema de Emprendimiento EdTech.<\/p>\n<p>Las Mesas de networking permiten la discusi\u00f3n de nuevas ideas, conceptos, estrategias, procedimientos y\/o investigaciones, as\u00ed como la construcci\u00f3n de nuevas alianzas con prop\u00f3sitos concretos.<\/p>\n<p><strong>Las propuestas de Mesas de networking deben incluir:<\/strong><\/p>\n<ul>\n<li><strong>Nombre de la Mesa de networking<\/strong><\/li>\n<li><strong>Nombre completo del Coordinador de la mesa<\/strong><\/li>\n<li><strong>Instituci\u00f3n<\/strong><\/li>\n<li><strong>Pa\u00eds<\/strong><\/li>\n<li><strong>Correo electr\u00f3nico<\/strong><\/li>\n<li><strong>Resumen de la Mesa de networking<\/strong> (m\u00e1ximo 250 palabras, Letra Arial 10. Espacio y medio) en espa\u00f1ol e ingl\u00e9s.<\/li>\n<li><strong>Palabras clave:<\/strong> m\u00e1ximo cuatro en espa\u00f1ol e ingl\u00e9s.<\/li>\n<li><strong>Objetivos<\/strong>. De dos a tres objetivos. 200 palabras m\u00e1ximo. Letra Arial 10. Espacio y medio.<\/li>\n<li><strong>Formato de interacci\u00f3n a usar para lograr los objetivos de la Mesa de networking<\/strong>. 200 palabras m\u00e1ximo.<\/li>\n<li><strong>Sector al que pertenece la startup (elegir solo 1):<\/strong> Pre-K, K-12, Higher Education o Workforce<\/li>\n<li><strong>P\u00fablico a quien va dirigida la Mesa de networking<\/strong><\/li>\n<li><strong>Contribuciones de la Mesa de networking<\/strong> (impacto o beneficio esperado). 250 palabras m\u00e1ximo. Letra Arial 10. Espacio y medio.<\/li>\n<li><strong>Breve descripci\u00f3n del organismo que representa<\/strong><\/li>\n<li><strong>Direcci\u00f3n del Organismo<\/strong><\/li>\n<li><strong>Director General<\/strong><\/li>\n<li><strong>Tel\u00e9fono de la empresa<\/strong><\/li>\n<li><strong>P\u00e1gina Web (<\/strong>En caso de contar con una)<\/li>\n<li><strong>Redes sociales de la empresa <\/strong>(En caso de contar con una)<\/li>\n<\/ul>\n<p>Los interesados en participar en el Congreso coordinando una Mesa de networking deber\u00e1n proponerlo mediante el llenado de este <a href=\"https:\/\/drive.google.com\/file\/d\/1iWSMhJi-3Y0eA04GFxKi5QOdi7pZAvcU\/view\" target=\"_blank\" rel=\"noopener\">formato<\/a>.<\/p>\n<div class=\"row\">\n<div class=\"col-md-2 btn-espaciado\"><a class=\"btn btn-theme\" href=\"https:\/\/drive.google.com\/file\/d\/1iWSMhJi-3Y0eA04GFxKi5QOdi7pZAvcU\/view\" target=\"_blank\" rel=\"noopener noreferrer\">Formato<\/a><\/div>\n<\/div>\n<p>&nbsp;<\/p>\n<p><strong>Alerta<\/strong>. Se informa que se dar\u00e1n de baja las contribuciones recibidas que no siguen los lineamientos que se marcan en el formato establecido para el registro de contribuciones. Les agradecemos seguir fielmente las indicaciones de cada formato.<\/p>\n<p><strong>Duraci\u00f3n de la Mesa de networking<\/strong>: 45 minutos<\/p>\n<p><strong>Mec\u00e1nica de la Mesa de networking: <\/strong>Se ofrece libertad al coordinador de la Mesa de networking para proponer el formato para llevar<\/p>\n<p>a cabo la misma, se sugiere evitar estilos como exposici\u00f3n de conferencia o series de presentaciones.<\/p>\n<h4><\/h4>\n<h4><\/h4>\n<hr \/>\n<h4><\/h4>\n<h4><\/h4>\n<p><span style=\"color: #ff0000;\"><b>3. Conferencia en Emprendimiento EdTech<\/b><\/span><\/p>\n<p>Presentaci\u00f3n din\u00e1mica de conocimientos, ideas y experiencias en el tema de Emprendimiento EdTech.<\/p>\n<p><strong>Las propuestas de Conferencia EdTech deben de incluir:<\/strong><\/p>\n<ul>\n<li><strong>T\u00edtulo de la conferencia <\/strong>en espa\u00f1ol e ingl\u00e9s<\/li>\n<li><strong>Nombre del expositor <\/strong><\/li>\n<li><strong>Correo electr\u00f3nico de contacto <\/strong><\/li>\n<li><strong>Sector al que pertenece la startup (elegir solo 1):<\/strong> Pre-K, K-12, Higher Education o Workforce<\/li>\n<li><strong>P\u00fablico al que va dirigida la conferencia<\/strong><\/li>\n<li><strong>Descripci\u00f3n de la conferencia espa\u00f1ol: <\/strong>200 palabras m\u00e1ximo. Letra Arial 10. Espaciado 1.5<\/li>\n<li><strong>Descripci\u00f3n de la conferencia en ingl\u00e9s:\u00a0<\/strong>200 words maximum. Font: Arial 10. Line spacing: 1.5<\/li>\n<li><strong>Biograf\u00eda corta del expositor en espa\u00f1ol (700 caracteres m\u00e1x.)<\/strong><\/li>\n<li><strong>Biograf\u00eda corta del expositor en ingl\u00e9s (700 caracteres m\u00e1x.)<\/strong><\/li>\n<li><strong>Organismo\/empresa que representa<\/strong><\/li>\n<li><strong>Breve descripci\u00f3n del organismo\/empresa que represent<\/strong><\/li>\n<li><strong>Direcci\u00f3n del organismo\/empresa<\/strong><\/li>\n<li><strong>Director general<\/strong><\/li>\n<li><strong>Tel\u00e9fono del organismo\/empresa<\/strong><\/li>\n<li><strong>P\u00e1gina web <\/strong>(en caso de contar con una)<\/li>\n<li><strong>Redes sociales del organismo\/empresa <\/strong>(en caso de contar con alguna<strong>)<\/strong><\/li>\n<\/ul>\n<div class=\"espaciob\"><\/div>\n<p>Los interesados en participar en el Congreso como conferencista EdTech deber\u00e1n registrar su trabajo mediante el llenado de este <a href=\"https:\/\/drive.google.com\/file\/d\/1rEVrUCA31w6uy5yhfwEhu9KnkFbNLK3I\/view\" target=\"_blank\" rel=\"noopener\">formato<\/a>.<\/p>\n<div class=\"row\">\n<div class=\"col-md-10\">\n<div class=\"col-md-3 btn-espaciado\"><a class=\"btn btn-theme\" href=\"https:\/\/drive.google.com\/file\/d\/1rEVrUCA31w6uy5yhfwEhu9KnkFbNLK3I\/view\" target=\"_blank\" rel=\"noopener noreferrer\">Formato<\/a><\/div>\n<\/div>\n<\/div>\n<p>&nbsp;<\/p>\n<p><strong>Alerta<\/strong>. Se informa que se dar\u00e1n de baja las contribuciones recibidas que no siguen los lineamientos que se marcan en el formato establecido para el registro de contribuciones.<\/p>\n<p><strong>Duraci\u00f3n de la conferencia <\/strong>15 minutos<\/p>\n<p><strong>Mec\u00e1nica de las conferencias EdTech:<\/strong> Presentaci\u00f3n del expositor de 10 minutos m\u00e1ximo y 5 minutos para preguntas y respuestas del p\u00fablico.<\/p>\n<h4><\/h4>\n<p>[\/vc_column_text][\/vc_column][\/vc_row][vc_row][vc_column][vc_column_text]<\/p>\n<p>[\/vc_column_text][\/vc_column][\/vc_row]<\/p>\n<\/div>","protected":false},"excerpt":{"rendered":"<p>[vc_row full_width=&#8221;stretch_row_content&#8221;][vc_column][vc_column_text]<\/p>\n","protected":false},"author":1,"featured_media":0,"parent":0,"menu_order":0,"comment_status":"closed","ping_status":"closed","template":"fullwidth.php","meta":{"footnotes":""},"class_list":["post-8919","page","type-page","status-publish","hentry"],"yoast_head":"<!-- This site is optimized with the Yoast SEO plugin v27.4 - https:\/\/yoast.com\/product\/yoast-seo-wordpress\/ -->\n<title>Contenidos y caracter\u00edsticas de las contribuciones en Emprendimiento EdTech - IFE Conferece<\/title>\n<meta name=\"description\" content=\"IFE Conference, antes CIIE, del 28 al 30 de enero de 2025 en el Tecnol\u00f3gico de Monterrey, en Monterrey, M\u00e9xico\" \/>\n<meta name=\"robots\" content=\"index, follow, max-snippet:-1, max-image-preview:large, max-video-preview:-1\" \/>\n<link rel=\"canonical\" href=\"https:\/\/ciie.itesm.mx\/es\/tipos-de-contribuciones-2\/\" \/>\n<meta property=\"og:locale\" content=\"es_ES\" \/>\n<meta property=\"og:type\" content=\"article\" \/>\n<meta property=\"og:title\" content=\"Contenidos y caracter\u00edsticas de las contribuciones en Emprendimiento EdTech - IFE Conferece\" \/>\n<meta property=\"og:description\" content=\"IFE Conference, antes CIIE, del 28 al 30 de enero de 2025 en el Tecnol\u00f3gico de Monterrey, en Monterrey, M\u00e9xico\" \/>\n<meta property=\"og:url\" content=\"https:\/\/ciie.itesm.mx\/es\/tipos-de-contribuciones-2\/\" \/>\n<meta property=\"og:site_name\" content=\"IFE Conferece\" \/>\n<meta property=\"article:modified_time\" content=\"2022-02-06T06:52:41+00:00\" \/>\n<meta property=\"og:image\" content=\"https:\/\/ciie.itesm.mx\/wp-content\/uploads\/2023\/05\/ife-conference-social.png\" \/>\n\t<meta property=\"og:image:width\" content=\"480\" \/>\n\t<meta property=\"og:image:height\" content=\"480\" \/>\n\t<meta property=\"og:image:type\" content=\"image\/png\" \/>\n<meta name=\"twitter:card\" content=\"summary_large_image\" \/>\n<meta name=\"twitter:label1\" content=\"Tiempo de lectura\" \/>\n\t<meta name=\"twitter:data1\" content=\"4 minutos\" \/>\n<script type=\"application\/ld+json\" class=\"yoast-schema-graph\">{\"@context\":\"https:\\\/\\\/schema.org\",\"@graph\":[{\"@type\":\"WebPage\",\"@id\":\"https:\\\/\\\/ciie.itesm.mx\\\/es\\\/tipos-de-contribuciones-2\\\/\",\"url\":\"https:\\\/\\\/ciie.itesm.mx\\\/es\\\/tipos-de-contribuciones-2\\\/\",\"name\":\"Contenidos y caracter\u00edsticas de las contribuciones en Emprendimiento EdTech - IFE Conferece\",\"isPartOf\":{\"@id\":\"https:\\\/\\\/ciie.itesm.mx\\\/en\\\/#website\"},\"datePublished\":\"2021-03-24T16:41:09+00:00\",\"dateModified\":\"2022-02-06T06:52:41+00:00\",\"description\":\"IFE Conference, antes CIIE, del 28 al 30 de enero de 2025 en el Tecnol\u00f3gico de Monterrey, en Monterrey, M\u00e9xico\",\"breadcrumb\":{\"@id\":\"https:\\\/\\\/ciie.itesm.mx\\\/es\\\/tipos-de-contribuciones-2\\\/#breadcrumb\"},\"inLanguage\":\"es\",\"potentialAction\":[{\"@type\":\"ReadAction\",\"target\":[\"https:\\\/\\\/ciie.itesm.mx\\\/es\\\/tipos-de-contribuciones-2\\\/\"]}]},{\"@type\":\"BreadcrumbList\",\"@id\":\"https:\\\/\\\/ciie.itesm.mx\\\/es\\\/tipos-de-contribuciones-2\\\/#breadcrumb\",\"itemListElement\":[{\"@type\":\"ListItem\",\"position\":1,\"name\":\"Portada\",\"item\":\"https:\\\/\\\/ciie.itesm.mx\\\/es\\\/\"},{\"@type\":\"ListItem\",\"position\":2,\"name\":\"Contenidos y caracter\u00edsticas de las contribuciones en Emprendimiento EdTech\"}]},{\"@type\":\"WebSite\",\"@id\":\"https:\\\/\\\/ciie.itesm.mx\\\/en\\\/#website\",\"url\":\"https:\\\/\\\/ciie.itesm.mx\\\/en\\\/\",\"name\":\"IFE Conference\",\"description\":\"IFE Conference, antes CIIE, del 28 al 30 de enero de 2025 en el Tecnol\u00f3gico de Monterrey, en Monterrey, M\u00e9xico\",\"potentialAction\":[{\"@type\":\"SearchAction\",\"target\":{\"@type\":\"EntryPoint\",\"urlTemplate\":\"https:\\\/\\\/ciie.itesm.mx\\\/en\\\/?s={search_term_string}\"},\"query-input\":{\"@type\":\"PropertyValueSpecification\",\"valueRequired\":true,\"valueName\":\"search_term_string\"}}],\"inLanguage\":\"es\"}]}<\/script>\n<!-- \/ Yoast SEO plugin. -->","yoast_head_json":{"title":"Contenidos y caracter\u00edsticas de las contribuciones en Emprendimiento EdTech - IFE Conferece","description":"IFE Conference, antes CIIE, del 28 al 30 de enero de 2025 en el Tecnol\u00f3gico de Monterrey, en Monterrey, M\u00e9xico","robots":{"index":"index","follow":"follow","max-snippet":"max-snippet:-1","max-image-preview":"max-image-preview:large","max-video-preview":"max-video-preview:-1"},"canonical":"https:\/\/ciie.itesm.mx\/es\/tipos-de-contribuciones-2\/","og_locale":"es_ES","og_type":"article","og_title":"Contenidos y caracter\u00edsticas de las contribuciones en Emprendimiento EdTech - IFE Conferece","og_description":"IFE Conference, antes CIIE, del 28 al 30 de enero de 2025 en el Tecnol\u00f3gico de Monterrey, en Monterrey, M\u00e9xico","og_url":"https:\/\/ciie.itesm.mx\/es\/tipos-de-contribuciones-2\/","og_site_name":"IFE Conferece","article_modified_time":"2022-02-06T06:52:41+00:00","og_image":[{"width":480,"height":480,"url":"https:\/\/ciie.itesm.mx\/wp-content\/uploads\/2023\/05\/ife-conference-social.png","type":"image\/png"}],"twitter_card":"summary_large_image","twitter_misc":{"Tiempo de lectura":"4 minutos"},"schema":{"@context":"https:\/\/schema.org","@graph":[{"@type":"WebPage","@id":"https:\/\/ciie.itesm.mx\/es\/tipos-de-contribuciones-2\/","url":"https:\/\/ciie.itesm.mx\/es\/tipos-de-contribuciones-2\/","name":"Contenidos y caracter\u00edsticas de las contribuciones en Emprendimiento EdTech - IFE Conferece","isPartOf":{"@id":"https:\/\/ciie.itesm.mx\/en\/#website"},"datePublished":"2021-03-24T16:41:09+00:00","dateModified":"2022-02-06T06:52:41+00:00","description":"IFE Conference, antes CIIE, del 28 al 30 de enero de 2025 en el Tecnol\u00f3gico de Monterrey, en Monterrey, M\u00e9xico","breadcrumb":{"@id":"https:\/\/ciie.itesm.mx\/es\/tipos-de-contribuciones-2\/#breadcrumb"},"inLanguage":"es","potentialAction":[{"@type":"ReadAction","target":["https:\/\/ciie.itesm.mx\/es\/tipos-de-contribuciones-2\/"]}]},{"@type":"BreadcrumbList","@id":"https:\/\/ciie.itesm.mx\/es\/tipos-de-contribuciones-2\/#breadcrumb","itemListElement":[{"@type":"ListItem","position":1,"name":"Portada","item":"https:\/\/ciie.itesm.mx\/es\/"},{"@type":"ListItem","position":2,"name":"Contenidos y caracter\u00edsticas de las contribuciones en Emprendimiento EdTech"}]},{"@type":"WebSite","@id":"https:\/\/ciie.itesm.mx\/en\/#website","url":"https:\/\/ciie.itesm.mx\/en\/","name":"IFE Conference","description":"IFE Conference, antes CIIE, del 28 al 30 de enero de 2025 en el Tecnol\u00f3gico de Monterrey, en Monterrey, M\u00e9xico","potentialAction":[{"@type":"SearchAction","target":{"@type":"EntryPoint","urlTemplate":"https:\/\/ciie.itesm.mx\/en\/?s={search_term_string}"},"query-input":{"@type":"PropertyValueSpecification","valueRequired":true,"valueName":"search_term_string"}}],"inLanguage":"es"}]}},"_links":{"self":[{"href":"https:\/\/ciie.itesm.mx\/es\/wp-json\/wp\/v2\/pages\/8919","targetHints":{"allow":["GET"]}}],"collection":[{"href":"https:\/\/ciie.itesm.mx\/es\/wp-json\/wp\/v2\/pages"}],"about":[{"href":"https:\/\/ciie.itesm.mx\/es\/wp-json\/wp\/v2\/types\/page"}],"author":[{"embeddable":true,"href":"https:\/\/ciie.itesm.mx\/es\/wp-json\/wp\/v2\/users\/1"}],"replies":[{"embeddable":true,"href":"https:\/\/ciie.itesm.mx\/es\/wp-json\/wp\/v2\/comments?post=8919"}],"version-history":[{"count":9,"href":"https:\/\/ciie.itesm.mx\/es\/wp-json\/wp\/v2\/pages\/8919\/revisions"}],"predecessor-version":[{"id":9783,"href":"https:\/\/ciie.itesm.mx\/es\/wp-json\/wp\/v2\/pages\/8919\/revisions\/9783"}],"wp:attachment":[{"href":"https:\/\/ciie.itesm.mx\/es\/wp-json\/wp\/v2\/media?parent=8919"}],"curies":[{"name":"wp","href":"https:\/\/api.w.org\/{rel}","templated":true}]}}